{"id":8311,"date":"2024-02-13T17:21:50","date_gmt":"2024-02-13T16:21:50","guid":{"rendered":"https:\/\/www.roba.com\/?page_id=8311"},"modified":"2024-02-20T18:42:07","modified_gmt":"2024-02-20T17:42:07","slug":"synch-request","status":"publish","type":"page","link":"https:\/\/www.roba.com\/de\/synch-request\/","title":{"rendered":"Synch Request"},"content":{"rendered":"<div id='av_section_1'  class='avia-section main_color avia-section-default avia-no-shadow  avia-bg-style-scroll  avia-builder-el-0  el_before_av_section  avia-builder-el-first   av-minimum-height av-minimum-height-custom  container_wrap fullsize' style='background-repeat: no-repeat; background-image: url(https:\/\/www.roba.com\/wp-content\/uploads\/2024\/02\/roba-synch-2500x660-031.jpg);background-attachment: scroll; background-position: top center;  '  data-section-bg-repeat='no-repeat'><div class='container' style='height:570px'><main  role=\"main\" itemprop=\"mainContentOfPage\"  class='template-page content  av-content-full alpha units'><div class='post-entry post-entry-type-page post-entry-8311'><div class='entry-content-wrapper clearfix'>\n<div class=\"flex_column av_one_half  flex_column_div first  avia-builder-el-1  avia-builder-el-no-sibling  \" ><p><div  style='padding-bottom:10px; ' class='av-special-heading av-special-heading-h2 meta-heading blockquote modern-quote  avia-builder-el-2  el_before_av_heading  avia-builder-el-first  '><h2 class='av-special-heading-tag '  itemprop=\"headline\"  >Synch<\/h2><div class='special-heading-border'><div class='special-heading-inner-border' ><\/div><\/div><\/div><br \/>\n<div  style='padding-bottom:10px; ' class='av-special-heading av-special-heading-h1  blockquote modern-quote  avia-builder-el-3  el_after_av_heading  el_before_av_textblock  '><h1 class='av-special-heading-tag '  itemprop=\"headline\"  >Synch Request<\/h1><div class='special-heading-border'><div class='special-heading-inner-border' ><\/div><\/div><\/div><br \/>\n<section class=\"av_textblock_section \"  itemscope=\"itemscope\" itemtype=\"https:\/\/schema.org\/CreativeWork\" ><div class='avia_textblock  av_inherit_color '  style='color:#ffffff; '  itemprop=\"text\" ><p>Du m\u00f6chtest einen Song von ROBA lizenzieren? F\u00fclle hierzu bitte das untenstehende Formular aus. Wir werden uns in K\u00fcrze bei dir melden.<\/p>\n<\/div><\/section><\/p><\/div>\n\n<\/div><\/div><\/main><!-- close content main element --><\/div><\/div><div id='av_section_2'  class='avia-section main_color avia-section-default avia-no-shadow  avia-bg-style-scroll  avia-builder-el-5  el_after_av_section  el_before_av_section   container_wrap fullsize' style='background-color: #ffffff;  '  ><div class='container' ><div class='template-page content  av-content-full alpha units'><div class='post-entry post-entry-type-page post-entry-8311'><div class='entry-content-wrapper clearfix'>\n<div class=\"flex_column av_one_fifth  flex_column_div first  avia-builder-el-6  el_before_av_three_fifth  avia-builder-el-first  \" ><\/div><div class=\"flex_column av_three_fifth  flex_column_div av-zero-column-padding   avia-builder-el-7  el_after_av_one_fifth  avia-builder-el-last  \" style='border-radius:0px; '><p><section class=\"av_textblock_section \"  itemscope=\"itemscope\" itemtype=\"https:\/\/schema.org\/CreativeWork\" ><div class='avia_textblock  '   itemprop=\"text\" ><p><strong>Die Lizenzierung eines Songs kann zun\u00e4chst kompliziert erscheinen, aber wir werden unser Bestes geben, um dich durch den Prozess zu f\u00fchren. Schnelle Antworten auf einige h\u00e4ufig gestellte Fragen und Erkl\u00e4rungen zu wichtigen Begriffen findest du in unseren FAQs.<\/strong><\/p>\n<\/div><\/section><br \/>\n<div  class='avia-button-wrap avia-button-left  avia-builder-el-9  el_after_av_textblock  el_before_av_hr  hover-bluelight' ><a href='https:\/\/forms.office.com\/e\/ur8CGRKZkE' class='avia-button  avia-color-theme-color   avia-icon_select-no avia-size-medium avia-position-left ' target=\"_blank\" rel=\"noopener noreferrer\"><span class='avia_iconbox_title' >ANFRAGEFORMULAR<\/span><\/a><\/div><br \/>\n<div  style='height:50px' class='hr hr-invisible   avia-builder-el-10  el_after_av_button  el_before_av_textblock '><span class='hr-inner ' ><span class='hr-inner-style'><\/span><\/span><\/div><br \/>\n<section class=\"av_textblock_section \"  itemscope=\"itemscope\" itemtype=\"https:\/\/schema.org\/CreativeWork\" ><div class='avia_textblock  '   itemprop=\"text\" ><h3>FAQ<\/h3>\n<\/div><\/section><br \/>\n<div  class=\"togglecontainer  av-minimal-toggle toggle_close_all  avia-builder-el-12  el_after_av_textblock  el_before_av_hr \" >\n<section class=\"av_toggle_section\"  itemscope=\"itemscope\" itemtype=\"https:\/\/schema.org\/CreativeWork\"  >    <div role=\"tablist\" class=\"single_toggle\" data-tags=\"{All} \"  >        <p data-fake-id=\"#toggle-id-1\" class=\"toggler \"  itemprop=\"headline\"  style='background-color: #ffffff; '  role=\"tab\" tabindex=\"0\" aria-controls=\"toggle-id-1\">WAS IST DAS SYNCHRONISATIONSRECHT?<span class=\"toggle_icon\" >        <span class=\"vert_icon\"><\/span><span class=\"hor_icon\"><\/span><\/span><\/p>        <div id=\"toggle-id-1\" class=\"toggle_wrap \"  >            <div class=\"toggle_content invers-color \"  itemprop=\"text\"  style='background-color: #ffffff; ' ><p class=\"p1\">Das Synchronisationsrecht ist eine Art von Musikrecht, welche die Nutzung (Synchronisation) eines musikalischen Werks in visuellen Medien zum Beispiel in einem Film, einer Werbung usw. erlaubt.<\/p>\n            <\/div>        <\/div>    <\/div><\/section>\n<section class=\"av_toggle_section\"  itemscope=\"itemscope\" itemtype=\"https:\/\/schema.org\/CreativeWork\"  >    <div role=\"tablist\" class=\"single_toggle\" data-tags=\"{All} \"  >        <p data-fake-id=\"#toggle-id-2\" class=\"toggler \"  itemprop=\"headline\"  style='background-color: #ffffff; '  role=\"tab\" tabindex=\"0\" aria-controls=\"toggle-id-2\">WELCHE NUTZUNGSRECHTE MUSS ICH LIZENZIEREN?<span class=\"toggle_icon\" >        <span class=\"vert_icon\"><\/span><span class=\"hor_icon\"><\/span><\/span><\/p>        <div id=\"toggle-id-2\" class=\"toggle_wrap \"  >            <div class=\"toggle_content invers-color \"  itemprop=\"text\"  style='background-color: #ffffff; ' ><ol class=\"ol1\">\n<li class=\"li1\">Masterrecht: Das Aufnahmerecht, dieses wird in der Regel vom Label lizenziert. (<a href=\"https:\/\/www.discogs.com\/\"><span class=\"s1\">Mehr Dazu<\/span><\/a>)<\/li>\n<li class=\"li3\">Urheberrecht: Das Recht an Komposition und Text, dieses wird in der Regel durch den Verlag (uns) lizenziert. (<a href=\"https:\/\/online.gema.de\/werke\/search.faces\"><span class=\"s1\">Mehr Dazu<\/span><\/a>)<\/li>\n<\/ol>\n            <\/div>        <\/div>    <\/div><\/section>\n<section class=\"av_toggle_section\"  itemscope=\"itemscope\" itemtype=\"https:\/\/schema.org\/CreativeWork\"  >    <div role=\"tablist\" class=\"single_toggle\" data-tags=\"{All} \"  >        <p data-fake-id=\"#toggle-id-3\" class=\"toggler \"  itemprop=\"headline\"  style='background-color: #ffffff; '  role=\"tab\" tabindex=\"0\" aria-controls=\"toggle-id-3\">WELCHE ROLLE SPIELT DABEI EINE VERWERTUNGSGESELLSCHAFT, z.B. DIE GEMA?<span class=\"toggle_icon\" >        <span class=\"vert_icon\"><\/span><span class=\"hor_icon\"><\/span><\/span><\/p>        <div id=\"toggle-id-3\" class=\"toggle_wrap \"  >            <div class=\"toggle_content invers-color \"  itemprop=\"text\"  style='background-color: #ffffff; ' ><p class=\"p1\">Wenn ein audiovisuelles Medium ausgestrahlt, vervielf\u00e4ltigt, \u00f6ffentlich vorgef\u00fchrt oder \u00e4hnliches wird, muss die ausf\u00fchrende Instanz (z. B. der Fernsehsender, das Kino usw.) eine Lizenz bei der GEMA einholen. Die meisten dieser Parteien haben bereits Vertr\u00e4ge mit der GEMA, so dass keine zus\u00e4tzliche Lizenzierung erforderlich ist.<span class=\"Apple-converted-space\">\u00a0<\/span><\/p>\n            <\/div>        <\/div>    <\/div><\/section>\n<section class=\"av_toggle_section\"  itemscope=\"itemscope\" itemtype=\"https:\/\/schema.org\/CreativeWork\"  >    <div role=\"tablist\" class=\"single_toggle\" data-tags=\"{All} \"  >        <p data-fake-id=\"#toggle-id-4\" class=\"toggler \"  itemprop=\"headline\"  style='background-color: #ffffff; '  role=\"tab\" tabindex=\"0\" aria-controls=\"toggle-id-4\">WIE L\u00c4UFT DER PROZESS DER LIZENZIERUNG EINES LIEDES AB?<span class=\"toggle_icon\" >        <span class=\"vert_icon\"><\/span><span class=\"hor_icon\"><\/span><\/span><\/p>        <div id=\"toggle-id-4\" class=\"toggle_wrap \"  >            <div class=\"toggle_content invers-color \"  itemprop=\"text\"  style='background-color: #ffffff; ' ><ol class=\"ol1\">\n<li class=\"li3\">Setze dich mit den Rechteinhabern des Liedes, dass du lizenzieren m\u00f6chtest, in Verbindung. Dabei handelt es sich um Verlage, Labels oder m\u00f6glicherweise die Autoren selbst, sofern sie keinen offiziellen Rechtevertretungen haben.<\/li>\n<li class=\"li3\">F\u00fclle den Fragebogen aus und gib so viele Informationen wie m\u00f6glich \u00fcber die geplante Nutzung an. Auf diese Weise k\u00f6nnen die Rechtevertreter das f\u00fcr die Nutzung am besten geeignete Angebot zusammenstellen.<\/li>\n<li class=\"li3\">Du erh\u00e4ltst eine R\u00fcckmeldung zu deiner Anfrage mit einem Angebot.<\/li>\n<li class=\"li3\">Wenn alle Parteien mit den Bedingungen einverstanden sind, werden die Urheber bzw. ihre Rechtevertreter um ihre Zustimmung gebeten.<\/li>\n<li class=\"li3\">Deine Lizenzanfrage wird angenommen oder abgelehnt.<\/li>\n<li class=\"li3\">Alle Parteien erledigen die entsprechenden Formalit\u00e4ten.<\/li>\n<li class=\"li3\">Die Nutzung wird der GEMA gemeldet.<\/li>\n<\/ol>\n            <\/div>        <\/div>    <\/div><\/section>\n<section class=\"av_toggle_section\"  itemscope=\"itemscope\" itemtype=\"https:\/\/schema.org\/CreativeWork\"  >    <div role=\"tablist\" class=\"single_toggle\" data-tags=\"{All} \"  >        <p data-fake-id=\"#toggle-id-5\" class=\"toggler \"  itemprop=\"headline\"  style='background-color: #ffffff; '  role=\"tab\" tabindex=\"0\" aria-controls=\"toggle-id-5\">WER SIND DIE ORIGINALBERECHTIGTEN?<span class=\"toggle_icon\" >        <span class=\"vert_icon\"><\/span><span class=\"hor_icon\"><\/span><\/span><\/p>        <div id=\"toggle-id-5\" class=\"toggle_wrap \"  >            <div class=\"toggle_content invers-color \"  itemprop=\"text\"  style='background-color: #ffffff; ' ><p class=\"p3\">Die Originalberechtigten sind die Personen, die die Musik komponiert und den Text geschrieben haben, sowie die K\u00fcnstler, die den Song interpretiert haben. Sie haben bei jeder angefragten Nutzung das letzte Wort und k\u00f6nnen sie genehmigen oder ablehnen.<\/p>\n            <\/div>        <\/div>    <\/div><\/section>\n<section class=\"av_toggle_section\"  itemscope=\"itemscope\" itemtype=\"https:\/\/schema.org\/CreativeWork\"  >    <div role=\"tablist\" class=\"single_toggle\" data-tags=\"{All} \"  >        <p data-fake-id=\"#toggle-id-6\" class=\"toggler \"  itemprop=\"headline\"  style='background-color: #ffffff; '  role=\"tab\" tabindex=\"0\" aria-controls=\"toggle-id-6\">WIE LANGE IM VORRAUS MUSS ICH EINE LIZENZ BEANTRAGEN?<span class=\"toggle_icon\" >        <span class=\"vert_icon\"><\/span><span class=\"hor_icon\"><\/span><\/span><\/p>        <div id=\"toggle-id-6\" class=\"toggle_wrap \"  >            <div class=\"toggle_content invers-color \"  itemprop=\"text\"  style='background-color: #ffffff; ' ><p class=\"p3\">Wir bem\u00fchen uns, dir innerhalb von 1-2 Wochen zu antworten. Es ist allerdings schwer vorauszusagen, wie lange eine Genehmigung dauern kann. Wenn m\u00f6glich, startest du den Lizenzierungsprozess am besten mindestens 1-2 Monate vor der geplanten Ver\u00f6ffentlichung.<\/p>\n            <\/div>        <\/div>    <\/div><\/section>\n<section class=\"av_toggle_section\"  itemscope=\"itemscope\" itemtype=\"https:\/\/schema.org\/CreativeWork\"  >    <div role=\"tablist\" class=\"single_toggle\" data-tags=\"{All} \"  >        <p data-fake-id=\"#toggle-id-7\" class=\"toggler \"  itemprop=\"headline\"  style='background-color: #ffffff; '  role=\"tab\" tabindex=\"0\" aria-controls=\"toggle-id-7\">DARF ICH EINEN SONG VER\u00c4NDERN?<span class=\"toggle_icon\" >        <span class=\"vert_icon\"><\/span><span class=\"hor_icon\"><\/span><\/span><\/p>        <div id=\"toggle-id-7\" class=\"toggle_wrap \"  >            <div class=\"toggle_content invers-color \"  itemprop=\"text\"  style='background-color: #ffffff; ' ><p class=\"p3\">Vorbehaltlich der Zustimmung der Originalberechtigten sind Bearbeitungen m\u00f6glich. Bitte beachte, dass dies Auswirkungen auf die Lizenzgeb\u00fchr hat.<\/p>\n            <\/div>        <\/div>    <\/div><\/section>\n<\/div><br \/>\n<div  style='height:50px' class='hr hr-invisible   avia-builder-el-13  el_after_av_toggle_container  el_before_av_textblock '><span class='hr-inner ' ><span class='hr-inner-style'><\/span><\/span><\/div><br \/>\n<section class=\"av_textblock_section \"  itemscope=\"itemscope\" itemtype=\"https:\/\/schema.org\/CreativeWork\" ><div class='avia_textblock  '   itemprop=\"text\" ><h3>BEGRIFFSERKL\u00c4RUNGEN<\/h3>\n<\/div><\/section><br \/>\n<div  class=\"togglecontainer  av-minimal-toggle toggle_close_all  avia-builder-el-15  el_after_av_textblock  el_before_av_hr \" >\n<section class=\"av_toggle_section\"  itemscope=\"itemscope\" itemtype=\"https:\/\/schema.org\/CreativeWork\"  >    <div role=\"tablist\" class=\"single_toggle\" data-tags=\"{All} \"  >        <p data-fake-id=\"#toggle-id-8\" class=\"toggler \"  itemprop=\"headline\"  style='background-color: #ffffff; '  role=\"tab\" tabindex=\"0\" aria-controls=\"toggle-id-8\">BUDGET<span class=\"toggle_icon\" >        <span class=\"vert_icon\"><\/span><span class=\"hor_icon\"><\/span><\/span><\/p>        <div id=\"toggle-id-8\" class=\"toggle_wrap \"  >            <div class=\"toggle_content invers-color \"  itemprop=\"text\"  style='background-color: #ffffff; ' ><p class=\"p1\">Das Budget ist entweder das Produktionsbudget des audiovisuellen Mediums selbst oder bei Werbung, Imagefilmen etc. das Bruttomediabudget zur Bewerbung des Spots. Das Budget ist ein Indikator f\u00fcr ein angemessenes Lizenzentgelt.<\/p>\n            <\/div>        <\/div>    <\/div><\/section>\n<section class=\"av_toggle_section\"  itemscope=\"itemscope\" itemtype=\"https:\/\/schema.org\/CreativeWork\"  >    <div role=\"tablist\" class=\"single_toggle\" data-tags=\"{All} \"  >        <p data-fake-id=\"#toggle-id-9\" class=\"toggler \"  itemprop=\"headline\"  style='background-color: #ffffff; '  role=\"tab\" tabindex=\"0\" aria-controls=\"toggle-id-9\">MEDIEN<span class=\"toggle_icon\" >        <span class=\"vert_icon\"><\/span><span class=\"hor_icon\"><\/span><\/span><\/p>        <div id=\"toggle-id-9\" class=\"toggle_wrap \"  >            <div class=\"toggle_content invers-color \"  itemprop=\"text\"  style='background-color: #ffffff; ' ><p>Die Medien sind die \u201eKan\u00e4le\u201c, \u00fcber die audiovisuellen Medien der \u00d6ffentlichkeit zug\u00e4nglich gemacht werden, wie z. B. Kino, soziale Medien, Fernsehen usw. Beachte, dass der Umfang der Ausspielwege einen Einfluss auf die Lizenzgeb\u00fchr hat.<\/p>\n            <\/div>        <\/div>    <\/div><\/section>\n<section class=\"av_toggle_section\"  itemscope=\"itemscope\" itemtype=\"https:\/\/schema.org\/CreativeWork\"  >    <div role=\"tablist\" class=\"single_toggle\" data-tags=\"{All} \"  >        <p data-fake-id=\"#toggle-id-10\" class=\"toggler \"  itemprop=\"headline\"  style='background-color: #ffffff; '  role=\"tab\" tabindex=\"0\" aria-controls=\"toggle-id-10\">LAUFZEIT<span class=\"toggle_icon\" >        <span class=\"vert_icon\"><\/span><span class=\"hor_icon\"><\/span><\/span><\/p>        <div id=\"toggle-id-10\" class=\"toggle_wrap \"  >            <div class=\"toggle_content invers-color \"  itemprop=\"text\"  style='background-color: #ffffff; ' ><p class=\"p1\">Die Dauer, f\u00fcr die du beabsichtigst, das Musikwerk innerhalb der audiovisuellen Produktion zu nutzen (z. B. 6 Monate, 10 Jahre, auf unbegrenzte Dauer usw.). Beachte, dass die Dauer der Nutzung sich auf die Lizenzgeb\u00fchr auswirkt.<\/p>\n            <\/div>        <\/div>    <\/div><\/section>\n<section class=\"av_toggle_section\"  itemscope=\"itemscope\" itemtype=\"https:\/\/schema.org\/CreativeWork\"  >    <div role=\"tablist\" class=\"single_toggle\" data-tags=\"{All} \"  >        <p data-fake-id=\"#toggle-id-11\" class=\"toggler \"  itemprop=\"headline\"  style='background-color: #ffffff; '  role=\"tab\" tabindex=\"0\" aria-controls=\"toggle-id-11\">TERRITORIUM<span class=\"toggle_icon\" >        <span class=\"vert_icon\"><\/span><span class=\"hor_icon\"><\/span><\/span><\/p>        <div id=\"toggle-id-11\" class=\"toggle_wrap \"  >            <div class=\"toggle_content invers-color \"  itemprop=\"text\"  style='background-color: #ffffff; ' ><p>Das Gebiet, in dem die audiovisuellen Medien zur Verf\u00fcgung gestellt werden sollen. Beachte, dass sich das Gebiet auf die Lizenzgeb\u00fchr auswirkt.<\/p>\n            <\/div>        <\/div>    <\/div><\/section>\n<\/div><br \/>\n<div  style='height:50px' class='hr hr-invisible   avia-builder-el-16  el_after_av_toggle_container  el_before_av_button '><span class='hr-inner ' ><span class='hr-inner-style'><\/span><\/span><\/div><br \/>\n<div  class='avia-button-wrap avia-button-left  avia-builder-el-17  el_after_av_hr  avia-builder-el-last  hover-bluelight' ><a href='https:\/\/forms.office.com\/e\/ur8CGRKZkE' class='avia-button  avia-color-theme-color   avia-icon_select-no avia-size-medium avia-position-left ' target=\"_blank\" rel=\"noopener noreferrer\"><span class='avia_iconbox_title' >ANFRAGEFORMULAR<\/span><\/a><\/div><\/p><\/div><\/div><\/div><\/div><!-- close content main div --><\/div><\/div><div id='av_section_3'  class='avia-section alternate_color avia-section-default avia-no-shadow  avia-bg-style-scroll  avia-builder-el-18  el_after_av_section  avia-builder-el-last   av-minimum-height av-minimum-height-custom  container_wrap fullsize' style='background-color: #ffffff; background-repeat: no-repeat; background-image: url(https:\/\/www.roba.com\/wp-content\/uploads\/2015\/05\/roba-2500x660-02.jpg);background-attachment: scroll; background-position: top left;  '  data-section-bg-repeat='no-repeat'><div class='container' style='height:500px'><div class='template-page content  av-content-full alpha units'><div class='post-entry post-entry-type-page post-entry-8311'><div class='entry-content-wrapper clearfix'>\n<div  style='padding-bottom:10px; ' class='av-special-heading av-special-heading-h4 meta-heading blockquote modern-quote modern-centered  avia-builder-el-19  avia-builder-el-no-sibling  '><h4 class='av-special-heading-tag '  itemprop=\"headline\"  >Unser Synch-Team geh\u00f6rt<br \/>\nzu den Besten in der Branche.<\/h4><div class='special-heading-border'><div class='special-heading-inner-border' ><\/div><\/div><\/div>\n<\/p>\n","protected":false},"excerpt":{"rendered":"","protected":false},"author":1,"featured_media":0,"parent":0,"menu_order":3,"comment_status":"closed","ping_status":"closed","template":"","meta":{"footnotes":""},"acf":[],"yoast_head":"<!-- This site is optimized with the Yoast SEO plugin v21.9.1 - https:\/\/yoast.com\/wordpress\/plugins\/seo\/ -->\n<title>Synch Request &#8211; ROBA Music Publishing<\/title>\n<meta name=\"robots\" content=\"index, follow, max-snippet:-1, max-image-preview:large, max-video-preview:-1\" \/>\n<link rel=\"canonical\" href=\"https:\/\/www.roba.com\/synch-request\/\" \/>\n<meta property=\"og:locale\" content=\"en_US\" \/>\n<meta property=\"og:type\" content=\"article\" \/>\n<meta property=\"og:title\" content=\"Synch Request &#8211; ROBA Music Publishing\" \/>\n<meta property=\"og:url\" content=\"https:\/\/www.roba.com\/de\/synch-request\/\" \/>\n<meta property=\"og:site_name\" content=\"ROBA Music Publishing\" \/>\n<meta property=\"article:publisher\" content=\"https:\/\/www.facebook.com\/robamusicpublishing\" \/>\n<meta property=\"article:modified_time\" content=\"2024-02-20T17:42:07+00:00\" \/>\n<meta name=\"twitter:card\" content=\"summary_large_image\" \/>\n<meta name=\"twitter:site\" content=\"@robamusic\" \/>\n<meta name=\"twitter:label1\" content=\"Est. reading time\" \/>\n\t<meta name=\"twitter:data1\" content=\"5 minutes\" \/>\n<script type=\"application\/ld+json\" class=\"yoast-schema-graph\">{\"@context\":\"https:\/\/schema.org\",\"@graph\":[{\"@type\":\"WebPage\",\"@id\":\"https:\/\/www.roba.com\/de\/synch-request\/\",\"url\":\"https:\/\/www.roba.com\/de\/synch-request\/\",\"name\":\"Synch Request &#8211; ROBA Music Publishing\",\"isPartOf\":{\"@id\":\"https:\/\/www.roba.com\/#website\"},\"datePublished\":\"2024-02-13T16:21:50+00:00\",\"dateModified\":\"2024-02-20T17:42:07+00:00\",\"breadcrumb\":{\"@id\":\"https:\/\/www.roba.com\/de\/synch-request\/#breadcrumb\"},\"inLanguage\":\"en-US\",\"potentialAction\":[{\"@type\":\"ReadAction\",\"target\":[\"https:\/\/www.roba.com\/de\/synch-request\/\"]}]},{\"@type\":\"BreadcrumbList\",\"@id\":\"https:\/\/www.roba.com\/de\/synch-request\/#breadcrumb\",\"itemListElement\":[{\"@type\":\"ListItem\",\"position\":1,\"name\":\"Home\",\"item\":\"https:\/\/www.roba.com\/\"},{\"@type\":\"ListItem\",\"position\":2,\"name\":\"Synch Request\"}]},{\"@type\":\"WebSite\",\"@id\":\"https:\/\/www.roba.com\/#website\",\"url\":\"https:\/\/www.roba.com\/\",\"name\":\"ROBA Music Publishing\",\"description\":\"\",\"publisher\":{\"@id\":\"https:\/\/www.roba.com\/#organization\"},\"potentialAction\":[{\"@type\":\"SearchAction\",\"target\":{\"@type\":\"EntryPoint\",\"urlTemplate\":\"https:\/\/www.roba.com\/?s={search_term_string}\"},\"query-input\":\"required name=search_term_string\"}],\"inLanguage\":\"en-US\"},{\"@type\":\"Organization\",\"@id\":\"https:\/\/www.roba.com\/#organization\",\"name\":\"ROBA Music Publishing\",\"url\":\"https:\/\/www.roba.com\/\",\"logo\":{\"@type\":\"ImageObject\",\"inLanguage\":\"en-US\",\"@id\":\"https:\/\/www.roba.com\/#\/schema\/logo\/image\/\",\"url\":\"https:\/\/www.roba.com\/wp-content\/uploads\/2015\/05\/roba.png\",\"contentUrl\":\"https:\/\/www.roba.com\/wp-content\/uploads\/2015\/05\/roba.png\",\"width\":120,\"height\":88,\"caption\":\"ROBA Music Publishing\"},\"image\":{\"@id\":\"https:\/\/www.roba.com\/#\/schema\/logo\/image\/\"},\"sameAs\":[\"https:\/\/www.facebook.com\/robamusicpublishing\",\"https:\/\/twitter.com\/robamusic\",\"https:\/\/instagram.com\/robamusic\",\"https:\/\/linkedin.com\/company\/roba-music-publishing\",\"http:\/\/www.youtube.com\/roba\"]}]}<\/script>\n<!-- \/ Yoast SEO plugin. -->","yoast_head_json":{"title":"Synch Request &#8211; ROBA Music Publishing","robots":{"index":"index","follow":"follow","max-snippet":"max-snippet:-1","max-image-preview":"max-image-preview:large","max-video-preview":"max-video-preview:-1"},"canonical":"https:\/\/www.roba.com\/synch-request\/","og_locale":"en_US","og_type":"article","og_title":"Synch Request &#8211; ROBA Music Publishing","og_url":"https:\/\/www.roba.com\/de\/synch-request\/","og_site_name":"ROBA Music Publishing","article_publisher":"https:\/\/www.facebook.com\/robamusicpublishing","article_modified_time":"2024-02-20T17:42:07+00:00","twitter_card":"summary_large_image","twitter_site":"@robamusic","twitter_misc":{"Est. reading time":"5 minutes"},"schema":{"@context":"https:\/\/schema.org","@graph":[{"@type":"WebPage","@id":"https:\/\/www.roba.com\/de\/synch-request\/","url":"https:\/\/www.roba.com\/de\/synch-request\/","name":"Synch Request &#8211; ROBA Music Publishing","isPartOf":{"@id":"https:\/\/www.roba.com\/#website"},"datePublished":"2024-02-13T16:21:50+00:00","dateModified":"2024-02-20T17:42:07+00:00","breadcrumb":{"@id":"https:\/\/www.roba.com\/de\/synch-request\/#breadcrumb"},"inLanguage":"en-US","potentialAction":[{"@type":"ReadAction","target":["https:\/\/www.roba.com\/de\/synch-request\/"]}]},{"@type":"BreadcrumbList","@id":"https:\/\/www.roba.com\/de\/synch-request\/#breadcrumb","itemListElement":[{"@type":"ListItem","position":1,"name":"Home","item":"https:\/\/www.roba.com\/"},{"@type":"ListItem","position":2,"name":"Synch Request"}]},{"@type":"WebSite","@id":"https:\/\/www.roba.com\/#website","url":"https:\/\/www.roba.com\/","name":"ROBA Music Publishing","description":"","publisher":{"@id":"https:\/\/www.roba.com\/#organization"},"potentialAction":[{"@type":"SearchAction","target":{"@type":"EntryPoint","urlTemplate":"https:\/\/www.roba.com\/?s={search_term_string}"},"query-input":"required name=search_term_string"}],"inLanguage":"en-US"},{"@type":"Organization","@id":"https:\/\/www.roba.com\/#organization","name":"ROBA Music Publishing","url":"https:\/\/www.roba.com\/","logo":{"@type":"ImageObject","inLanguage":"en-US","@id":"https:\/\/www.roba.com\/#\/schema\/logo\/image\/","url":"https:\/\/www.roba.com\/wp-content\/uploads\/2015\/05\/roba.png","contentUrl":"https:\/\/www.roba.com\/wp-content\/uploads\/2015\/05\/roba.png","width":120,"height":88,"caption":"ROBA Music Publishing"},"image":{"@id":"https:\/\/www.roba.com\/#\/schema\/logo\/image\/"},"sameAs":["https:\/\/www.facebook.com\/robamusicpublishing","https:\/\/twitter.com\/robamusic","https:\/\/instagram.com\/robamusic","https:\/\/linkedin.com\/company\/roba-music-publishing","http:\/\/www.youtube.com\/roba"]}]}},"_links":{"self":[{"href":"https:\/\/www.roba.com\/de\/wp-json\/wp\/v2\/pages\/8311\/"}],"collection":[{"href":"https:\/\/www.roba.com\/de\/wp-json\/wp\/v2\/pages\/"}],"about":[{"href":"https:\/\/www.roba.com\/de\/wp-json\/wp\/v2\/types\/page\/"}],"author":[{"embeddable":true,"href":"https:\/\/www.roba.com\/de\/wp-json\/wp\/v2\/users\/1\/"}],"replies":[{"embeddable":true,"href":"https:\/\/www.roba.com\/de\/wp-json\/wp\/v2\/comments\/?post=8311"}],"version-history":[{"count":5,"href":"https:\/\/www.roba.com\/de\/wp-json\/wp\/v2\/pages\/8311\/revisions\/"}],"predecessor-version":[{"id":8399,"href":"https:\/\/www.roba.com\/de\/wp-json\/wp\/v2\/pages\/8311\/revisions\/8399\/"}],"wp:attachment":[{"href":"https:\/\/www.roba.com\/de\/wp-json\/wp\/v2\/media\/?parent=8311"}],"curies":[{"name":"wp","href":"https:\/\/api.w.org\/{rel}","templated":true}]}}