{"id":2883,"date":"2016-07-27T12:02:59","date_gmt":"2016-07-27T10:02:59","guid":{"rendered":"http:\/\/www.roba.com\/de\/?page_id=2883"},"modified":"2024-05-15T09:50:01","modified_gmt":"2024-05-15T07:50:01","slug":"impressum","status":"publish","type":"page","link":"https:\/\/www.roba.com\/de\/impressum\/","title":{"rendered":"IMPRESSUM"},"content":{"rendered":"<div id='av_section_1'  class='avia-section main_color avia-section-default avia-no-shadow  avia-bg-style-scroll  avia-builder-el-0  el_before_av_section  avia-builder-el-first   av-minimum-height av-minimum-height-custom  container_wrap fullsize' style=' '  ><div class='container' style='height:200px'><main  role=\"main\" itemprop=\"mainContentOfPage\"  class='template-page content  av-content-full alpha units'><div class='post-entry post-entry-type-page post-entry-2883'><div class='entry-content-wrapper clearfix'>\n<div  style='padding-bottom:10px; ' class='av-special-heading av-special-heading-h1 meta-heading blockquote modern-quote  avia-builder-el-1  avia-builder-el-no-sibling  '><h1 class='av-special-heading-tag '  itemprop=\"headline\"  >IMPRESSUM<\/h1><div class='special-heading-border'><div class='special-heading-inner-border' ><\/div><\/div><\/div>\n\n<\/div><\/div><\/main><!-- close content main element --><\/div><\/div><div id='av_section_2'  class='avia-section main_color avia-section-default avia-no-shadow  avia-bg-style-scroll  avia-builder-el-2  el_after_av_section  el_before_av_section   container_wrap fullsize' style='background-color: #ffffff;  '  ><div class='container' ><div class='template-page content  av-content-full alpha units'><div class='post-entry post-entry-type-page post-entry-2883'><div class='entry-content-wrapper clearfix'>\n<div class=\"flex_column av_one_third  flex_column_div first  avia-builder-el-3  el_before_av_two_third  avia-builder-el-first  \" ><\/div><div class=\"flex_column av_two_third  flex_column_div av-zero-column-padding   avia-builder-el-4  el_after_av_one_third  avia-builder-el-last  \" style='border-radius:0px; '><section class=\"av_textblock_section \"  itemscope=\"itemscope\" itemtype=\"https:\/\/schema.org\/CreativeWork\" ><div class='avia_textblock small '   itemprop=\"text\" ><h3>Angaben gem\u00e4\u00df \u00a7 5 TMG:<\/h3>\n<p>ROBA Music Verlag GmbH<br \/>\nNeue Rabenstr. 3<br \/>\n20354 Hamburg<\/p>\n<p>Vertreten durch:<br \/>\nProf. (Apl.) Dr. habil. Christian Baierle<\/p>\n<h3>Kontakt:<\/h3>\n<p>T: +49 40 41 41 0-80<br \/>\ninfo@roba.com<\/p>\n<h3>Registereintrag:<\/h3>\n<p>Eintragung im Handelsregister.<br \/>\nRegistergericht: AG Hamburg<br \/>\nRegisternummer: HR B 23838<\/p>\n<h3>Umsatzsteuer-ID:<\/h3>\n<p>Umsatzsteuer-Identifikationsnummer gem\u00e4\u00df \u00a727 a Umsatzsteuergesetz:<br \/>\nDE118514585<\/p>\n<h3>Verantwortlich f\u00fcr den Inhalt nach \u00a7 55 Abs. 2 RStV:<\/h3>\n<p>Rolf R. Baierle<\/p>\n<\/div><\/section><br \/>\n<div  class='avia-button-wrap avia-button-left  avia-builder-el-6  el_after_av_textblock  el_before_av_button  hover-bluelight' ><a href='https:\/\/www.roba.com\/de\/weltweit\/'  class='avia-button  avia-color-theme-color   avia-icon_select-no avia-size-medium avia-position-left '   ><span class='avia_iconbox_title' >Weltweit<\/span><\/a><\/div><br \/>\n<div  class='avia-button-wrap avia-button-left  avia-builder-el-7  el_after_av_button  el_before_av_button  hover-bluelight' ><a href='https:\/\/www.roba.com\/de\/ueber-uns\/'  class='avia-button  avia-color-theme-color   avia-icon_select-no avia-size-medium avia-position-left '   ><span class='avia_iconbox_title' >\u00dcber uns<\/span><\/a><\/div><br \/>\n<div  class='avia-button-wrap avia-button-left  avia-builder-el-8  el_after_av_button  avia-builder-el-last  hover-bluelight' ><a href='https:\/\/www.roba.com\/wp-content\/uploads\/2015\/06\/ROBA-Directions-to-the-office.pdf'  class='avia-button  avia-color-theme-color   avia-icon_select-no avia-size-medium avia-position-left '   ><span class='avia_iconbox_title' >Anfahrt<\/span><\/a><\/div><\/p><\/div><\/div><\/div><\/div><!-- close content main div --><\/div><\/div><div id='av_section_3'  class='avia-section alternate_color avia-section-default avia-no-shadow  avia-bg-style-scroll  avia-builder-el-9  el_after_av_section  el_before_av_section   container_wrap fullsize' style=' '  ><div class='container' ><div class='template-page content  av-content-full alpha units'><div class='post-entry post-entry-type-page post-entry-2883'><div class='entry-content-wrapper clearfix'>\n<div  style='padding-bottom:10px; ' class='av-special-heading av-special-heading-h3  blockquote modern-quote  avia-builder-el-10  el_before_av_codeblock  avia-builder-el-first  '><h3 class='av-special-heading-tag '  itemprop=\"headline\"  >Kontaktformular<\/h3><div class='special-heading-border'><div class='special-heading-inner-border' ><\/div><\/div><\/div>\n\n<\/p>\n<\/div><\/div><\/div><!-- close content main div --><\/div><\/div><div id='av_section_4'  class='avia-section main_color avia-section-default avia-no-shadow  avia-bg-style-scroll  avia-builder-el-12  el_after_av_section  avia-builder-el-last   container_wrap fullsize' style='background-color: #f2f2f2;  '  ><div class='container' ><div class='template-page content  av-content-full alpha units'><div class='post-entry post-entry-type-page post-entry-2883'><div class='entry-content-wrapper clearfix'>\n<div  style='padding-bottom:10px; color:#00afcd;' class='av-special-heading av-special-heading-h1 custom-color-heading blockquote modern-quote  avia-builder-el-13  el_before_av_hr  avia-builder-el-first  '><h1 class='av-special-heading-tag '  itemprop=\"headline\"  >DISCLAIMER<\/h1><div class='special-heading-border'><div class='special-heading-inner-border' style='border-color:#00afcd'><\/div><\/div><\/div>\n<div  style='height:50px' class='hr hr-invisible   avia-builder-el-14  el_after_av_heading  el_before_av_one_third '><span class='hr-inner ' ><span class='hr-inner-style'><\/span><\/span><\/div>\n<div class=\"flex_column av_one_third  flex_column_div first  avia-builder-el-15  el_after_av_hr  el_before_av_two_third  \" ><\/div><div class=\"flex_column av_two_third  flex_column_div av-zero-column-padding   avia-builder-el-16  el_after_av_one_third  el_before_av_one_third  \" style='border-radius:0px; '><p><div  style='padding-bottom:10px; color:#00afcd;' class='av-special-heading av-special-heading-h3 custom-color-heading blockquote modern-quote  avia-builder-el-17  el_before_av_textblock  avia-builder-el-first  '><h3 class='av-special-heading-tag '  itemprop=\"headline\"  >Haftungsausschluss <\/h3><div class='special-heading-border'><div class='special-heading-inner-border' style='border-color:#00afcd'><\/div><\/div><\/div><br \/>\n<section class=\"av_textblock_section \"  itemscope=\"itemscope\" itemtype=\"https:\/\/schema.org\/CreativeWork\" ><div class='avia_textblock small '   itemprop=\"text\" ><p><strong>Haftung f\u00fcr Inhalte<\/strong><\/p>\n<p>Als Diensteanbieter sind wir gem\u00e4\u00df \u00a7 7 Abs.1 TMG f\u00fcr eigene Inhalte auf diesen Seiten nach den allgemeinen Gesetzen verantwortlich. Nach \u00a7\u00a7 8 bis 10 TMG sind wir als Diensteanbieter jedoch nicht verpflichtet, \u00fcbermittelte oder gespeicherte fremde Informationen zu \u00fcberwachen oder nach Umst\u00e4nden zu forschen, die auf eine rechtswidrige T\u00e4tigkeit hinweisen. Verpflichtungen zur Entfernung oder Sperrung der Nutzung von Informationen nach den allgemeinen Gesetzen bleiben hiervon unber\u00fchrt. Eine diesbez\u00fcgliche Haftung ist jedoch erst ab dem Zeitpunkt der Kenntnis einer konkreten Rechtsverletzung m\u00f6glich. Bei Bekanntwerden von entsprechenden Rechtsverletzungen werden wir diese Inhalte umgehend entfernen.<\/p>\n<p><strong>Haftung f\u00fcr Links<\/strong><\/p>\n<p>Unser Angebot enth\u00e4lt Links zu externen Webseiten Dritter, auf deren Inhalte wir keinen Einfluss haben. Deshalb k\u00f6nnen wir f\u00fcr diese fremden Inhalte auch keine Gew\u00e4hr \u00fcbernehmen. F\u00fcr die Inhalte der verlinkten Seiten ist stets der jeweilige Anbieter oder Betreiber der Seiten verantwortlich. Die verlinkten Seiten wurden zum Zeitpunkt der Verlinkung auf m\u00f6gliche Rechtsverst\u00f6\u00dfe \u00fcberpr\u00fcft. Rechtswidrige Inhalte waren zum Zeitpunkt der Verlinkung nicht erkennbar. Eine permanente inhaltliche Kontrolle der verlinkten Seiten ist jedoch ohne konkrete Anhaltspunkte einer Rechtsverletzung nicht zumutbar. Bei Bekanntwerden von Rechtsverletzungen werden wir derartige Links umgehend entfernen.<\/p>\n<p><strong>Urheberrecht<\/strong><\/p>\n<p>Die durch die Seitenbetreiber erstellten Inhalte und Werke auf diesen Seiten unterliegen dem deutschen Urheberrecht. Die Vervielf\u00e4ltigung, Bearbeitung, Verbreitung und jede Art der Verwertung au\u00dferhalb der Grenzen des Urheberrechtes bed\u00fcrfen der schriftlichen Zustimmung des jeweiligen Autors bzw. Erstellers. Downloads und Kopien dieser Seite sind nur f\u00fcr den privaten, nicht kommerziellen Gebrauch gestattet. Soweit die Inhalte auf dieser Seite nicht vom Betreiber erstellt wurden, werden die Urheberrechte Dritter beachtet. Insbesondere werden Inhalte Dritter als solche gekennzeichnet. Sollten Sie trotzdem auf eine Urheberrechtsverletzung aufmerksam werden, bitten wir um einen entsprechenden Hinweis. Bei Bekanntwerden von Rechtsverletzungen werden wir derartige Inhalte umgehend entfernen.<\/p>\n<p>Ver\u00e4nderungen und Aktualisierungen<\/p>\n<p>ROBA kann diese Website nach eigenem Ermessen und ohne \u00dcbernahme einer Haftung jederzeit ohne Ank\u00fcndigung ganz oder teilweise ver\u00e4ndern und\/oder deren Betrieb einstellen, und ist nicht dazu verpflichtet, die Website zu aktualisieren<br \/>\nSchlussbestimmungen<\/p>\n<p>Jegliche in Verbindung mit der Website oder deren Benutzung auftretenden Rechtsanspr\u00fcche oder Prozesse unterliegen der Auslegung der Gesetze der Bundesrepublik Deutschland<\/p>\n<\/div><\/section><\/p><\/div><div class=\"flex_column av_one_third  flex_column_div first  avia-builder-el-19  el_after_av_two_third  el_before_av_two_third  column-top-margin\" ><\/div><div class=\"flex_column av_two_third  flex_column_div av-zero-column-padding   avia-builder-el-20  el_after_av_one_third  avia-builder-el-last  column-top-margin\" style='border-radius:0px; '><p><div  style='padding-bottom:10px; color:#00afcd;' class='av-special-heading av-special-heading-h3 custom-color-heading blockquote modern-quote  avia-builder-el-21  el_before_av_textblock  avia-builder-el-first  '><h3 class='av-special-heading-tag '  itemprop=\"headline\"  >DESIGN <span class='special_amp'>&amp;<\/span> UMSETZUNG<\/h3><div class='special-heading-border'><div class='special-heading-inner-border' style='border-color:#00afcd'><\/div><\/div><\/div><br \/>\n<section class=\"av_textblock_section \"  itemscope=\"itemscope\" itemtype=\"https:\/\/schema.org\/CreativeWork\" ><div class='avia_textblock small '   itemprop=\"text\" ><p>Hier k\u00f6nnen ROBA Logos und Einsatz-Richtlinien heruntergeladen werden. Diese Design-Richtlinien helfen dabei, dem ROBA Corporate Design zu entsprechen.<\/p>\n<\/div><\/section><br \/>\n<div  class='avia-button-wrap avia-button-left  avia-builder-el-23  el_after_av_textblock  el_before_av_button ' ><a href='https:\/\/www.roba.com\/wp-content\/uploads\/2016\/08\/RMP-135-Manual-130320-web.pdf' class='avia-button  avia-color-theme-color   avia-icon_select-yes-left-icon avia-size-medium avia-position-left ' target=\"_blank\" rel=\"noopener noreferrer\"><span class='avia_button_icon avia_button_icon_left ' aria-hidden='true' data-av_icon='\ue87b' data-av_iconfont='entypo-fontello'><\/span><span class='avia_iconbox_title' >Download Design-Richtlinien<\/span><\/a><\/div><br \/>\n<div  class='avia-button-wrap avia-button-left  avia-builder-el-24  el_after_av_button  el_before_av_textblock ' ><a href='https:\/\/www.roba.com\/wp-content\/uploads\/2016\/08\/ROBA-Logo.zip' class='avia-button  avia-color-theme-color   avia-icon_select-yes-left-icon avia-size-medium avia-position-left ' target=\"_blank\" rel=\"noopener noreferrer\"><span class='avia_button_icon avia_button_icon_left ' aria-hidden='true' data-av_icon='\ue87b' data-av_iconfont='entypo-fontello'><\/span><span class='avia_iconbox_title' >Download Logos<\/span><\/a><\/div><br \/>\n<section class=\"av_textblock_section \"  itemscope=\"itemscope\" itemtype=\"https:\/\/schema.org\/CreativeWork\" ><div class='avia_textblock small '   itemprop=\"text\" ><p>Design:\u00a0<a href=\"http:\/\/www.formvermittlung.de\/\" target=\"_blank\" rel=\"noopener\">formvermittlung GbR<\/a>, Hamburg<\/p>\n<p>Umsetzung:\u00a0<a href=\"http:\/\/bureauoberhoff.de\/\" target=\"_blank\" rel=\"noopener\">bureau oberhoff<\/a>, Hamburg<\/p>\n<\/div><\/section><\/p><\/div>\n\n","protected":false},"excerpt":{"rendered":"","protected":false},"author":2,"featured_media":0,"parent":0,"menu_order":15,"comment_status":"open","ping_status":"open","template":"","meta":{"footnotes":""},"acf":[],"yoast_head":"<!-- This site is optimized with the Yoast SEO plugin v21.9.1 - https:\/\/yoast.com\/wordpress\/plugins\/seo\/ -->\n<title>IMPRESSUM &#8211; ROBA Music Publishing<\/title>\n<meta name=\"robots\" content=\"index, follow, max-snippet:-1, max-image-preview:large, max-video-preview:-1\" \/>\n<link rel=\"canonical\" href=\"https:\/\/www.roba.com\/impressum\/\" \/>\n<meta property=\"og:locale\" content=\"en_US\" \/>\n<meta property=\"og:type\" content=\"article\" \/>\n<meta property=\"og:title\" content=\"IMPRESSUM &#8211; ROBA Music Publishing\" \/>\n<meta property=\"og:url\" content=\"https:\/\/www.roba.com\/de\/impressum\/\" \/>\n<meta property=\"og:site_name\" content=\"ROBA Music Publishing\" \/>\n<meta property=\"article:publisher\" content=\"https:\/\/www.facebook.com\/robamusicpublishing\" \/>\n<meta property=\"article:modified_time\" content=\"2024-05-15T07:50:01+00:00\" \/>\n<meta name=\"twitter:card\" content=\"summary_large_image\" \/>\n<meta name=\"twitter:site\" content=\"@robamusic\" \/>\n<meta name=\"twitter:label1\" content=\"Est. reading time\" \/>\n\t<meta name=\"twitter:data1\" content=\"4 minutes\" \/>\n<script type=\"application\/ld+json\" class=\"yoast-schema-graph\">{\"@context\":\"https:\/\/schema.org\",\"@graph\":[{\"@type\":\"WebPage\",\"@id\":\"https:\/\/www.roba.com\/de\/impressum\/\",\"url\":\"https:\/\/www.roba.com\/de\/impressum\/\",\"name\":\"IMPRESSUM &#8211; ROBA Music Publishing\",\"isPartOf\":{\"@id\":\"https:\/\/www.roba.com\/#website\"},\"datePublished\":\"2016-07-27T10:02:59+00:00\",\"dateModified\":\"2024-05-15T07:50:01+00:00\",\"breadcrumb\":{\"@id\":\"https:\/\/www.roba.com\/de\/impressum\/#breadcrumb\"},\"inLanguage\":\"en-US\",\"potentialAction\":[{\"@type\":\"ReadAction\",\"target\":[\"https:\/\/www.roba.com\/de\/impressum\/\"]}]},{\"@type\":\"BreadcrumbList\",\"@id\":\"https:\/\/www.roba.com\/de\/impressum\/#breadcrumb\",\"itemListElement\":[{\"@type\":\"ListItem\",\"position\":1,\"name\":\"Home\",\"item\":\"https:\/\/www.roba.com\/\"},{\"@type\":\"ListItem\",\"position\":2,\"name\":\"IMPRESSUM\"}]},{\"@type\":\"WebSite\",\"@id\":\"https:\/\/www.roba.com\/#website\",\"url\":\"https:\/\/www.roba.com\/\",\"name\":\"ROBA Music Publishing\",\"description\":\"\",\"publisher\":{\"@id\":\"https:\/\/www.roba.com\/#organization\"},\"potentialAction\":[{\"@type\":\"SearchAction\",\"target\":{\"@type\":\"EntryPoint\",\"urlTemplate\":\"https:\/\/www.roba.com\/?s={search_term_string}\"},\"query-input\":\"required name=search_term_string\"}],\"inLanguage\":\"en-US\"},{\"@type\":\"Organization\",\"@id\":\"https:\/\/www.roba.com\/#organization\",\"name\":\"ROBA Music Publishing\",\"url\":\"https:\/\/www.roba.com\/\",\"logo\":{\"@type\":\"ImageObject\",\"inLanguage\":\"en-US\",\"@id\":\"https:\/\/www.roba.com\/#\/schema\/logo\/image\/\",\"url\":\"https:\/\/www.roba.com\/wp-content\/uploads\/2015\/05\/roba.png\",\"contentUrl\":\"https:\/\/www.roba.com\/wp-content\/uploads\/2015\/05\/roba.png\",\"width\":120,\"height\":88,\"caption\":\"ROBA Music Publishing\"},\"image\":{\"@id\":\"https:\/\/www.roba.com\/#\/schema\/logo\/image\/\"},\"sameAs\":[\"https:\/\/www.facebook.com\/robamusicpublishing\",\"https:\/\/twitter.com\/robamusic\",\"https:\/\/instagram.com\/robamusic\",\"https:\/\/linkedin.com\/company\/roba-music-publishing\",\"http:\/\/www.youtube.com\/roba\"]}]}<\/script>\n<!-- \/ Yoast SEO plugin. -->","yoast_head_json":{"title":"IMPRESSUM &#8211; ROBA Music Publishing","robots":{"index":"index","follow":"follow","max-snippet":"max-snippet:-1","max-image-preview":"max-image-preview:large","max-video-preview":"max-video-preview:-1"},"canonical":"https:\/\/www.roba.com\/impressum\/","og_locale":"en_US","og_type":"article","og_title":"IMPRESSUM &#8211; ROBA Music Publishing","og_url":"https:\/\/www.roba.com\/de\/impressum\/","og_site_name":"ROBA Music Publishing","article_publisher":"https:\/\/www.facebook.com\/robamusicpublishing","article_modified_time":"2024-05-15T07:50:01+00:00","twitter_card":"summary_large_image","twitter_site":"@robamusic","twitter_misc":{"Est. reading time":"4 minutes"},"schema":{"@context":"https:\/\/schema.org","@graph":[{"@type":"WebPage","@id":"https:\/\/www.roba.com\/de\/impressum\/","url":"https:\/\/www.roba.com\/de\/impressum\/","name":"IMPRESSUM &#8211; ROBA Music Publishing","isPartOf":{"@id":"https:\/\/www.roba.com\/#website"},"datePublished":"2016-07-27T10:02:59+00:00","dateModified":"2024-05-15T07:50:01+00:00","breadcrumb":{"@id":"https:\/\/www.roba.com\/de\/impressum\/#breadcrumb"},"inLanguage":"en-US","potentialAction":[{"@type":"ReadAction","target":["https:\/\/www.roba.com\/de\/impressum\/"]}]},{"@type":"BreadcrumbList","@id":"https:\/\/www.roba.com\/de\/impressum\/#breadcrumb","itemListElement":[{"@type":"ListItem","position":1,"name":"Home","item":"https:\/\/www.roba.com\/"},{"@type":"ListItem","position":2,"name":"IMPRESSUM"}]},{"@type":"WebSite","@id":"https:\/\/www.roba.com\/#website","url":"https:\/\/www.roba.com\/","name":"ROBA Music Publishing","description":"","publisher":{"@id":"https:\/\/www.roba.com\/#organization"},"potentialAction":[{"@type":"SearchAction","target":{"@type":"EntryPoint","urlTemplate":"https:\/\/www.roba.com\/?s={search_term_string}"},"query-input":"required name=search_term_string"}],"inLanguage":"en-US"},{"@type":"Organization","@id":"https:\/\/www.roba.com\/#organization","name":"ROBA Music Publishing","url":"https:\/\/www.roba.com\/","logo":{"@type":"ImageObject","inLanguage":"en-US","@id":"https:\/\/www.roba.com\/#\/schema\/logo\/image\/","url":"https:\/\/www.roba.com\/wp-content\/uploads\/2015\/05\/roba.png","contentUrl":"https:\/\/www.roba.com\/wp-content\/uploads\/2015\/05\/roba.png","width":120,"height":88,"caption":"ROBA Music Publishing"},"image":{"@id":"https:\/\/www.roba.com\/#\/schema\/logo\/image\/"},"sameAs":["https:\/\/www.facebook.com\/robamusicpublishing","https:\/\/twitter.com\/robamusic","https:\/\/instagram.com\/robamusic","https:\/\/linkedin.com\/company\/roba-music-publishing","http:\/\/www.youtube.com\/roba"]}]}},"_links":{"self":[{"href":"https:\/\/www.roba.com\/de\/wp-json\/wp\/v2\/pages\/2883\/"}],"collection":[{"href":"https:\/\/www.roba.com\/de\/wp-json\/wp\/v2\/pages\/"}],"about":[{"href":"https:\/\/www.roba.com\/de\/wp-json\/wp\/v2\/types\/page\/"}],"author":[{"embeddable":true,"href":"https:\/\/www.roba.com\/de\/wp-json\/wp\/v2\/users\/2\/"}],"replies":[{"embeddable":true,"href":"https:\/\/www.roba.com\/de\/wp-json\/wp\/v2\/comments\/?post=2883"}],"version-history":[{"count":2,"href":"https:\/\/www.roba.com\/de\/wp-json\/wp\/v2\/pages\/2883\/revisions\/"}],"predecessor-version":[{"id":8493,"href":"https:\/\/www.roba.com\/de\/wp-json\/wp\/v2\/pages\/2883\/revisions\/8493\/"}],"wp:attachment":[{"href":"https:\/\/www.roba.com\/de\/wp-json\/wp\/v2\/media\/?parent=2883"}],"curies":[{"name":"wp","href":"https:\/\/api.w.org\/{rel}","templated":true}]}}