{"id":2879,"date":"2016-07-27T12:01:57","date_gmt":"2016-07-27T10:01:57","guid":{"rendered":"http:\/\/www.roba.com\/de\/?page_id=2879"},"modified":"2020-05-25T18:10:08","modified_gmt":"2020-05-25T16:10:08","slug":"jobs","status":"publish","type":"page","link":"https:\/\/www.roba.com\/de\/jobs\/","title":{"rendered":"JOBS"},"content":{"rendered":"<div id='av_section_1'  class='avia-section main_color avia-section-default avia-no-shadow  avia-bg-style-scroll  avia-builder-el-0  el_before_av_section  avia-builder-el-first   av-minimum-height av-minimum-height-custom  container_wrap fullsize' style=' '  ><div class='container' style='height:570px'><main  role=\"main\" itemprop=\"mainContentOfPage\"  class='template-page content  av-content-full alpha units'><div class='post-entry post-entry-type-page post-entry-2879'><div class='entry-content-wrapper clearfix'>\n<div  style='padding-bottom:10px; ' class='av-special-heading av-special-heading-h2  blockquote modern-quote  avia-builder-el-1  el_before_av_heading  avia-builder-el-first  '><h2 class='av-special-heading-tag '  itemprop=\"headline\"  >Jobs<\/h2><div class='special-heading-border'><div class='special-heading-inner-border' ><\/div><\/div><\/div>\n<div  style='padding-bottom:10px; ' class='av-special-heading av-special-heading-h1 meta-heading blockquote modern-quote  avia-builder-el-2  el_after_av_heading  el_before_av_one_third  '><h1 class='av-special-heading-tag '  itemprop=\"headline\"  >Dein Typ ist gefragt<\/h1><div class='special-heading-border'><div class='special-heading-inner-border' ><\/div><\/div><\/div>\n<div class=\"flex_column av_one_third  flex_column_div first  avia-builder-el-3  el_after_av_heading  el_before_av_one_half  \" ><\/div><div class=\"flex_column av_one_half  flex_column_div av-zero-column-padding   avia-builder-el-4  el_after_av_one_third  avia-builder-el-last  \" style='border-radius:0px; '><section class=\"av_textblock_section \"  itemscope=\"itemscope\" itemtype=\"https:\/\/schema.org\/CreativeWork\" ><div class='avia_textblock small '   itemprop=\"text\" ><p>Bei ROBA verbinden wir unsere Leidenschaft f\u00fcr Musik mit unserem Expertenwissen im Musikverlagsbereich. Wenn du sowohl diese Leidenschaft, als auch die Einstellung mitbringst, m\u00f6chten wir gerne mit dir zusammenarbeiten.<\/p>\n<\/div><\/section><\/div>\n\n<\/div><\/div><\/main><!-- close content main element --><\/div><\/div><div id='av_section_2'  class='avia-section main_color avia-section-default avia-no-shadow  avia-bg-style-scroll  avia-builder-el-6  el_after_av_section  el_before_av_section   container_wrap fullsize' style='background-color: #ffffff;  '  ><div class='container' ><div class='template-page content  av-content-full alpha units'><div class='post-entry post-entry-type-page post-entry-2879'><div class='entry-content-wrapper clearfix'>\n<div class=\"flex_column av_one_third  flex_column_div first  avia-builder-el-7  el_before_av_two_third  avia-builder-el-first  \" ><\/div><div class=\"flex_column av_two_third  flex_column_div av-zero-column-padding   avia-builder-el-8  el_after_av_one_third  avia-builder-el-last  \" style='border-radius:0px; '><p><div  style='padding-bottom:10px; ' class='av-special-heading av-special-heading-h3  blockquote modern-quote  avia-builder-el-9  el_before_av_textblock  avia-builder-el-first  '><h3 class='av-special-heading-tag '  itemprop=\"headline\"  >UNSER BEWERBUNGSVERFAHREN<\/h3><div class='special-heading-border'><div class='special-heading-inner-border' ><\/div><\/div><\/div><br \/>\n<section class=\"av_textblock_section \"  itemscope=\"itemscope\" itemtype=\"https:\/\/schema.org\/CreativeWork\" ><div class='avia_textblock small '   itemprop=\"text\" ><p>In allen unseren Teams beginnt das Bewerbungsverfahren mit einem Telefon-Interview. Das Telefonat ist ein etwa 15-min\u00fctiges Gespr\u00e4ch \u00fcber deine bisherigen Erfahrungen, dein Wissen \u00fcber Musik, die Branche und dein pers\u00f6nliches Interesse an ROBA. Dar\u00fcber hinaus hast du nat\u00fcrlich die M\u00f6glichkeit, Fragen zu stellen.<\/p>\n<\/div><\/section><\/p><\/div>\n\n<\/div><\/div><\/div><!-- close content main div --><\/div><\/div><div id='av_section_3'  class='avia-section alternate_color avia-section-default avia-no-border-styling  av-parallax-section avia-bg-style-parallax  avia-builder-el-11  el_after_av_section  el_before_roba_layout_row  vertical-align-top  av-minimum-height av-minimum-height-custom  container_wrap fullsize' style=' '  data-section-bg-repeat='no-repeat'><div class='av-parallax' data-avia-parallax-ratio='0.3' ><div class='av-parallax-inner alternate_color  avia-full-stretch' style = 'background-repeat: no-repeat; background-image: url(https:\/\/www.roba.com\/wp-content\/uploads\/2015\/06\/roba-website-2015-about-1600x600-01.jpg);background-attachment: scroll; background-position: center center; ' ><\/div><\/div><div class='container' style='height:700px'><div class='template-page content  av-content-full alpha units'><div class='post-entry post-entry-type-page post-entry-2879'><div class='entry-content-wrapper clearfix'>\n<div  style='padding-bottom:10px; ' class='av-special-heading av-special-heading-h3  blockquote modern-quote modern-centered  avia-builder-el-12  el_before_av_one_fifth  avia-builder-el-first  '><h3 class='av-special-heading-tag '  itemprop=\"headline\"  >Lerne das Team kennen<\/h3><div class='special-heading-border'><div class='special-heading-inner-border' ><\/div><\/div><\/div>\n<div class=\"flex_column av_one_fifth  flex_column_div first  avia-builder-el-13  el_after_av_heading  el_before_av_three_fifth  \" ><\/div><div class=\"flex_column av_three_fifth  flex_column_div av-zero-column-padding   avia-builder-el-14  el_after_av_one_fifth  avia-builder-el-last  \" style='border-radius:0px; '><section class=\"av_textblock_section \"  itemscope=\"itemscope\" itemtype=\"https:\/\/schema.org\/CreativeWork\" ><div class='avia_textblock small '   itemprop=\"text\" ><p style=\"text-align: center;\">Wenn das Telefon-Interview gut gelaufen ist, ist es Zeit nach Hamburg zu kommen, um unser Team kennen zu lernen. Unsere Unternehmenskultur und unsere Vision als Musikverleger sind bei uns von hoher Priorit\u00e4t, deshalb legen wir Wert darauf, dass es f\u00fcr beide Seiten gut passt. Wir wollen herausfinden, wer du bist und wo deine St\u00e4rken liegen.<\/p>\n<\/div><\/section><\/div>\n\n<\/div><\/div><\/div><!-- close content main div --><\/div><\/div><div id='av-layout-grid-1' class='avia-section entry-content-wrapper main_color av-flex-cells  avia-builder-el-16  el_after_av_section  el_before_av_section  bottom submenu-not-first container_wrap fullsize'   style=' '><div class=\"roba_grid_section container\" style=\"background-color: ;\">\n<div class=\"flex_cell no_margin av_one_third  avia-builder-el-17  el_before_av_cell_one_third  avia-builder-el-first   \"  style='height:300px; min-height:300px;vertical-align:top; padding:30px; ' ><div class='flex_cell_inner' ><\/div><\/div><div class=\"flex_cell no_margin av_one_third  avia-builder-el-18  el_after_av_cell_one_third  el_before_av_cell_one_third   \"  style='height:300px; min-height:300px;vertical-align:bottom; padding:30px; ' ><div class='flex_cell_inner' ><div  class='avia-image-container  av-styling-    avia-builder-el-19  avia-builder-el-no-sibling  svg avia-align-center '  itemprop=\"image\" itemscope=\"itemscope\" itemtype=\"https:\/\/schema.org\/ImageObject\"  ><div class='avia-image-container-inner'><div class='avia-image-overlay-wrap'><img decoding=\"async\" class='wp-image-0 avia-img-lazy-loading-not-0 avia_image' src=\"https:\/\/www.roba.com\/wp-content\/uploads\/2015\/05\/tasche.svg\" alt='' title=''   itemprop=\"thumbnailUrl\"  \/><\/div><\/div><\/div>\n<\/div><\/div><div class=\"flex_cell no_margin av_one_third  avia-builder-el-20  el_after_av_cell_one_third  avia-builder-el-last   \"  style='height:300px; min-height:300px;vertical-align:top; padding:30px; ' ><div class='flex_cell_inner' ><\/div><\/div>\n<\/div><\/div>\n<div id='av_section_4'  class='avia-section main_color avia-section-default avia-no-border-styling  avia-bg-style-scroll  avia-builder-el-21  el_after_roba_layout_row  el_before_av_section  vertical-align-top  container_wrap fullsize' style=' '  ><div class='container' ><div class='template-page content  av-content-full alpha units'><div class='post-entry post-entry-type-page post-entry-2879'><div class='entry-content-wrapper clearfix'>\n<div  style='padding-bottom:10px; ' class='av-special-heading av-special-heading-h3 meta-heading blockquote modern-quote modern-centered  avia-builder-el-22  el_before_av_one_fifth  avia-builder-el-first  '><h3 class='av-special-heading-tag '  itemprop=\"headline\"  >Anreise<\/h3><div class='special-heading-border'><div class='special-heading-inner-border' ><\/div><\/div><\/div>\n<div class=\"flex_column av_one_fifth  flex_column_div first  avia-builder-el-23  el_after_av_heading  el_before_av_three_fifth  \" ><\/div><div class=\"flex_column av_three_fifth  flex_column_div av-zero-column-padding   avia-builder-el-24  el_after_av_one_fifth  avia-builder-el-last  \" style='border-radius:0px; '><section class=\"av_textblock_section \"  itemscope=\"itemscope\" itemtype=\"https:\/\/schema.org\/CreativeWork\" ><div class='avia_textblock small av_inherit_color '  style='color:#ffffff; '  itemprop=\"text\" ><p style=\"text-align: center;\">Wenn du eine lange Anreise hast, mach dir keine Sorgen, wir planen gerne Deine Anreise f\u00fcr Dich. Da wir eine kreative Firma sind, kannst du genau das tragen, worin du dich am wohlsten f\u00fchlst. Wir legen den Fokus auf deine Pers\u00f6nlichkeit, nicht auf deine Kleidung.<\/p>\n<\/div><\/section><br \/>\n<div  class='avia-button-wrap avia-button-center  avia-builder-el-26  el_after_av_textblock  avia-builder-el-last ' ><a href='https:\/\/www.roba.com\/wp-content\/uploads\/2015\/06\/ROBA-Directions-to-the-office.pdf' class='avia-button  avia-color-theme-color   avia-icon_select-no avia-size-medium avia-position-center ' target=\"_blank\" rel=\"noopener noreferrer\"><span class='avia_iconbox_title' >Wegbeschreibung<\/span><\/a><\/div><\/p><\/div>\n\n<\/div><\/div><\/div><!-- close content main div --><\/div><\/div><div id='av_section_5'  class='avia-section alternate_color avia-section-default avia-no-shadow  avia-bg-style-scroll  avia-builder-el-27  el_after_av_section  el_before_av_section   av-desktop-hide av-medium-hide av-small-hide av-mini-hide container_wrap fullsize' style=' '  ><div class='container' ><div class='template-page content  av-content-full alpha units'><div class='post-entry post-entry-type-page post-entry-2879'><div class='entry-content-wrapper clearfix'>\n<div  style='padding-bottom:10px; ' class='av-special-heading av-special-heading-h3  blockquote modern-quote  avia-builder-el-28  el_before_av_codeblock  avia-builder-el-first  '><h3 class='av-special-heading-tag '  itemprop=\"headline\"  >Bewerbung<\/h3><div class='special-heading-border'><div class='special-heading-inner-border' ><\/div><\/div><\/div>\n\n\n<\/div><\/div><\/div><!-- close content main div --><\/div><\/div><div id='av_section_6'  class='avia-section main_color avia-section-default avia-no-shadow  avia-bg-style-scroll  avia-builder-el-30  el_after_av_section  el_before_av_section   container_wrap fullsize' style='background-color: #ffffff;  '  ><div class='container' ><div class='template-page content  av-content-full alpha units'><div class='post-entry post-entry-type-page post-entry-2879'><div class='entry-content-wrapper clearfix'>\n<div class=\"flex_column av_one_third  flex_column_div first  avia-builder-el-31  el_before_av_two_third  avia-builder-el-first  \" ><\/div><div class=\"flex_column av_two_third  flex_column_div av-zero-column-padding   avia-builder-el-32  el_after_av_one_third  avia-builder-el-last  \" style='border-radius:0px; '><p><div  style='padding-bottom:10px; ' class='av-special-heading av-special-heading-h3  blockquote modern-quote  avia-builder-el-33  el_before_av_textblock  avia-builder-el-first  '><h3 class='av-special-heading-tag '  itemprop=\"headline\"  >AKTUELLE JOBANGEBOTE<\/h3><div class='special-heading-border'><div class='special-heading-inner-border' ><\/div><\/div><\/div><br \/>\n<section class=\"av_textblock_section \"  itemscope=\"itemscope\" itemtype=\"https:\/\/schema.org\/CreativeWork\" ><div class='avia_textblock small '   itemprop=\"text\" ><p>ROBA w\u00e4chst kontinuierlich und es gibt viele Aufgaben. Daf\u00fcr suchen wir motivierte Musikliebhaber. Wenn das nach dir klingt, sieh dir unsere aktuellen Jobangebote an. Wir freuen uns von dir zu h\u00f6ren.<\/p>\n<\/div><\/section><br \/>\n<section class=\"av_textblock_section \"  itemscope=\"itemscope\" itemtype=\"https:\/\/schema.org\/CreativeWork\" ><div class='avia_textblock small '   itemprop=\"text\" ><p><script type='text\/javascript' src='https:\/\/static.smartrecruiters.com\/job-widget\/1.5.2\/script\/smart_widget.js'><\/script><br \/>\n<script type='text\/javascript' class='job_widget'>\nwidget({\n    \"company_code\": \"ROBAMusicVerlagGmbH\",\n    \"bg_color_widget\": \"#ffffff\",\n    \"bg_color_headers\": \"#969696\",\n    \"bg_color_links\": \"#00aecd\",\n    \"txt_color_headers\": \"#194150\",\n    \"txt_color_job\": \"#194150\",\n    \"bg_color_even_row\": \"#e0e0e0\",\n    \"bg_color_odd_row\": \"#f7f7f7\",\n    \"auto_width\": \"auto\",\n    \"auto_height\": \"auto\",\n    \"number\": \"on\",\n    \"job_title\": \"true\",\n    \"location\": \"true\",\n    \"dateFormat\": \"us\",\n    \"trid\": \"\",\n    \"api_url\": \"https:\/\/www.smartrecruiters.com\",\n    \"custom_css_url\": \"https:\/\/static.smartrecruiters.com\/job-widget\/1.5.2\/css\/smart_widget.css\"\n});\n<\/script><\/p>\n<\/div><\/section><br \/>\n<section class=\"av_textblock_section \"  itemscope=\"itemscope\" itemtype=\"https:\/\/schema.org\/CreativeWork\" ><div class='avia_textblock small av_inherit_color '  style='color:#194150; '  itemprop=\"text\" ><p>Bitte nutzt unser Online-Bewerbungsformular. Wenn es kein passendes Jobangebot gibt, sende gerne eine Initiativbewerbung an<a href=\"mailto:hr@roba.com\"> hr@roba.com<\/a>. Bei ROBA wird Vielfalt nicht nur akzeptiert \u2013 sie wird gro\u00dfgeschrieben, und wir setzen uns zum Wohl unserer Angestellten, unserer Musik und unserer Branche daf\u00fcr ein. ROBA ist stolz darauf, ein Arbeitgeber zu sein, der allen die gleichen M\u00f6glichkeiten und Chancen ohne Diskriminierung bietet.<\/p>\n<\/div><\/section><\/p><\/div><\/div><\/div><\/div><!-- close content main div --><\/div><\/div><div id='av_section_7'  class='avia-section alternate_color avia-section-default avia-no-shadow  avia-bg-style-scroll  avia-builder-el-37  el_after_av_section  avia-builder-el-last   av-minimum-height av-minimum-height-custom  container_wrap fullsize' style='background-color: #ffffff; background-repeat: no-repeat; background-image: url(https:\/\/www.roba.com\/wp-content\/uploads\/2015\/05\/roba-website-2015-jobs-1600x600-011.jpg);background-attachment: scroll; background-position: top left;  '  data-section-bg-repeat='no-repeat'><div class='container' style='height:570px'><div class='template-page content  av-content-full alpha units'><div class='post-entry post-entry-type-page post-entry-2879'><div class='entry-content-wrapper clearfix'>\n<div  style='padding-bottom:10px; ' class='av-special-heading av-special-heading-h4 meta-heading blockquote modern-quote modern-centered  avia-builder-el-38  avia-builder-el-no-sibling  '><h4 class='av-special-heading-tag '  itemprop=\"headline\"  >Jedes Team-Mitglied pr\u00e4gt ROBA, jetzt und in Zukunft.<\/h4><div class='special-heading-border'><div class='special-heading-inner-border' ><\/div><\/div><\/div>\n<\/p>\n","protected":false},"excerpt":{"rendered":"","protected":false},"author":2,"featured_media":0,"parent":0,"menu_order":14,"comment_status":"open","ping_status":"open","template":"","meta":{"footnotes":""},"acf":[],"yoast_head":"<!-- This site is optimized with the Yoast SEO plugin v21.9.1 - https:\/\/yoast.com\/wordpress\/plugins\/seo\/ -->\n<title>JOBS &#8211; ROBA Music Publishing<\/title>\n<meta name=\"robots\" content=\"index, follow, max-snippet:-1, max-image-preview:large, max-video-preview:-1\" \/>\n<link rel=\"canonical\" href=\"https:\/\/www.roba.com\/jobs\/\" \/>\n<meta property=\"og:locale\" content=\"en_US\" \/>\n<meta property=\"og:type\" content=\"article\" \/>\n<meta property=\"og:title\" content=\"JOBS &#8211; ROBA Music Publishing\" \/>\n<meta property=\"og:url\" content=\"https:\/\/www.roba.com\/de\/jobs\/\" \/>\n<meta property=\"og:site_name\" content=\"ROBA Music Publishing\" \/>\n<meta property=\"article:publisher\" content=\"https:\/\/www.facebook.com\/robamusicpublishing\" \/>\n<meta property=\"article:modified_time\" content=\"2020-05-25T16:10:08+00:00\" \/>\n<meta name=\"twitter:card\" content=\"summary_large_image\" \/>\n<meta name=\"twitter:site\" content=\"@robamusic\" \/>\n<meta name=\"twitter:label1\" content=\"Est. reading time\" \/>\n\t<meta name=\"twitter:data1\" content=\"10 minutes\" \/>\n<script type=\"application\/ld+json\" class=\"yoast-schema-graph\">{\"@context\":\"https:\/\/schema.org\",\"@graph\":[{\"@type\":\"WebPage\",\"@id\":\"https:\/\/www.roba.com\/de\/jobs\/\",\"url\":\"https:\/\/www.roba.com\/de\/jobs\/\",\"name\":\"JOBS &#8211; ROBA Music Publishing\",\"isPartOf\":{\"@id\":\"https:\/\/www.roba.com\/#website\"},\"datePublished\":\"2016-07-27T10:01:57+00:00\",\"dateModified\":\"2020-05-25T16:10:08+00:00\",\"breadcrumb\":{\"@id\":\"https:\/\/www.roba.com\/de\/jobs\/#breadcrumb\"},\"inLanguage\":\"en-US\",\"potentialAction\":[{\"@type\":\"ReadAction\",\"target\":[\"https:\/\/www.roba.com\/de\/jobs\/\"]}]},{\"@type\":\"BreadcrumbList\",\"@id\":\"https:\/\/www.roba.com\/de\/jobs\/#breadcrumb\",\"itemListElement\":[{\"@type\":\"ListItem\",\"position\":1,\"name\":\"Home\",\"item\":\"https:\/\/www.roba.com\/\"},{\"@type\":\"ListItem\",\"position\":2,\"name\":\"JOBS\"}]},{\"@type\":\"WebSite\",\"@id\":\"https:\/\/www.roba.com\/#website\",\"url\":\"https:\/\/www.roba.com\/\",\"name\":\"ROBA Music Publishing\",\"description\":\"\",\"publisher\":{\"@id\":\"https:\/\/www.roba.com\/#organization\"},\"potentialAction\":[{\"@type\":\"SearchAction\",\"target\":{\"@type\":\"EntryPoint\",\"urlTemplate\":\"https:\/\/www.roba.com\/?s={search_term_string}\"},\"query-input\":\"required name=search_term_string\"}],\"inLanguage\":\"en-US\"},{\"@type\":\"Organization\",\"@id\":\"https:\/\/www.roba.com\/#organization\",\"name\":\"ROBA Music Publishing\",\"url\":\"https:\/\/www.roba.com\/\",\"logo\":{\"@type\":\"ImageObject\",\"inLanguage\":\"en-US\",\"@id\":\"https:\/\/www.roba.com\/#\/schema\/logo\/image\/\",\"url\":\"https:\/\/www.roba.com\/wp-content\/uploads\/2015\/05\/roba.png\",\"contentUrl\":\"https:\/\/www.roba.com\/wp-content\/uploads\/2015\/05\/roba.png\",\"width\":120,\"height\":88,\"caption\":\"ROBA Music Publishing\"},\"image\":{\"@id\":\"https:\/\/www.roba.com\/#\/schema\/logo\/image\/\"},\"sameAs\":[\"https:\/\/www.facebook.com\/robamusicpublishing\",\"https:\/\/twitter.com\/robamusic\",\"https:\/\/instagram.com\/robamusic\",\"https:\/\/linkedin.com\/company\/roba-music-publishing\",\"http:\/\/www.youtube.com\/roba\"]}]}<\/script>\n<!-- \/ Yoast SEO plugin. -->","yoast_head_json":{"title":"JOBS &#8211; ROBA Music Publishing","robots":{"index":"index","follow":"follow","max-snippet":"max-snippet:-1","max-image-preview":"max-image-preview:large","max-video-preview":"max-video-preview:-1"},"canonical":"https:\/\/www.roba.com\/jobs\/","og_locale":"en_US","og_type":"article","og_title":"JOBS &#8211; ROBA Music Publishing","og_url":"https:\/\/www.roba.com\/de\/jobs\/","og_site_name":"ROBA Music Publishing","article_publisher":"https:\/\/www.facebook.com\/robamusicpublishing","article_modified_time":"2020-05-25T16:10:08+00:00","twitter_card":"summary_large_image","twitter_site":"@robamusic","twitter_misc":{"Est. reading time":"10 minutes"},"schema":{"@context":"https:\/\/schema.org","@graph":[{"@type":"WebPage","@id":"https:\/\/www.roba.com\/de\/jobs\/","url":"https:\/\/www.roba.com\/de\/jobs\/","name":"JOBS &#8211; ROBA Music Publishing","isPartOf":{"@id":"https:\/\/www.roba.com\/#website"},"datePublished":"2016-07-27T10:01:57+00:00","dateModified":"2020-05-25T16:10:08+00:00","breadcrumb":{"@id":"https:\/\/www.roba.com\/de\/jobs\/#breadcrumb"},"inLanguage":"en-US","potentialAction":[{"@type":"ReadAction","target":["https:\/\/www.roba.com\/de\/jobs\/"]}]},{"@type":"BreadcrumbList","@id":"https:\/\/www.roba.com\/de\/jobs\/#breadcrumb","itemListElement":[{"@type":"ListItem","position":1,"name":"Home","item":"https:\/\/www.roba.com\/"},{"@type":"ListItem","position":2,"name":"JOBS"}]},{"@type":"WebSite","@id":"https:\/\/www.roba.com\/#website","url":"https:\/\/www.roba.com\/","name":"ROBA Music Publishing","description":"","publisher":{"@id":"https:\/\/www.roba.com\/#organization"},"potentialAction":[{"@type":"SearchAction","target":{"@type":"EntryPoint","urlTemplate":"https:\/\/www.roba.com\/?s={search_term_string}"},"query-input":"required name=search_term_string"}],"inLanguage":"en-US"},{"@type":"Organization","@id":"https:\/\/www.roba.com\/#organization","name":"ROBA Music Publishing","url":"https:\/\/www.roba.com\/","logo":{"@type":"ImageObject","inLanguage":"en-US","@id":"https:\/\/www.roba.com\/#\/schema\/logo\/image\/","url":"https:\/\/www.roba.com\/wp-content\/uploads\/2015\/05\/roba.png","contentUrl":"https:\/\/www.roba.com\/wp-content\/uploads\/2015\/05\/roba.png","width":120,"height":88,"caption":"ROBA Music Publishing"},"image":{"@id":"https:\/\/www.roba.com\/#\/schema\/logo\/image\/"},"sameAs":["https:\/\/www.facebook.com\/robamusicpublishing","https:\/\/twitter.com\/robamusic","https:\/\/instagram.com\/robamusic","https:\/\/linkedin.com\/company\/roba-music-publishing","http:\/\/www.youtube.com\/roba"]}]}},"_links":{"self":[{"href":"https:\/\/www.roba.com\/de\/wp-json\/wp\/v2\/pages\/2879\/"}],"collection":[{"href":"https:\/\/www.roba.com\/de\/wp-json\/wp\/v2\/pages\/"}],"about":[{"href":"https:\/\/www.roba.com\/de\/wp-json\/wp\/v2\/types\/page\/"}],"author":[{"embeddable":true,"href":"https:\/\/www.roba.com\/de\/wp-json\/wp\/v2\/users\/2\/"}],"replies":[{"embeddable":true,"href":"https:\/\/www.roba.com\/de\/wp-json\/wp\/v2\/comments\/?post=2879"}],"version-history":[{"count":5,"href":"https:\/\/www.roba.com\/de\/wp-json\/wp\/v2\/pages\/2879\/revisions\/"}],"predecessor-version":[{"id":7400,"href":"https:\/\/www.roba.com\/de\/wp-json\/wp\/v2\/pages\/2879\/revisions\/7400\/"}],"wp:attachment":[{"href":"https:\/\/www.roba.com\/de\/wp-json\/wp\/v2\/media\/?parent=2879"}],"curies":[{"name":"wp","href":"https:\/\/api.w.org\/{rel}","templated":true}]}}