{"id":2875,"date":"2016-07-27T12:00:27","date_gmt":"2016-07-27T10:00:27","guid":{"rendered":"http:\/\/www.roba.com\/de\/?page_id=2875"},"modified":"2019-10-24T11:16:58","modified_gmt":"2019-10-24T09:16:58","slug":"werde-unser-partner","status":"publish","type":"page","link":"https:\/\/www.roba.com\/de\/werde-unser-partner\/","title":{"rendered":"WERDE UNSER PARTNER"},"content":{"rendered":"<div id='av_section_1'  class='avia-section main_color avia-section-default avia-no-border-styling  avia-bg-style-scroll  avia-builder-el-0  el_before_av_section  avia-builder-el-first   av-minimum-height av-minimum-height-custom  container_wrap fullsize' style='background-repeat: no-repeat; background-image: url(https:\/\/www.roba.com\/wp-content\/uploads\/2015\/05\/roba-2500x660-102.jpg);background-attachment: scroll; background-position: center center;  '  data-section-bg-repeat='no-repeat'><div class='container' style='height:570px'><main  role=\"main\" itemprop=\"mainContentOfPage\"  class='template-page content  av-content-full alpha units'><div class='post-entry post-entry-type-page post-entry-2875'><div class='entry-content-wrapper clearfix'>\n<div class=\"flex_column av_three_fourth  flex_column_div first  avia-builder-el-1  avia-builder-el-no-sibling  \" ><p><div  style='padding-bottom:10px; ' class='av-special-heading av-special-heading-h2  blockquote modern-quote  avia-builder-el-2  el_before_av_heading  avia-builder-el-first  '><h2 class='av-special-heading-tag '  itemprop=\"headline\"  >Werde unser Partner<\/h2><div class='special-heading-border'><div class='special-heading-inner-border' ><\/div><\/div><\/div><br \/>\n<div  style='padding-bottom:10px; color:#00a4c2;' class='av-special-heading av-special-heading-h1 custom-color-heading blockquote modern-quote  avia-builder-el-3  el_after_av_heading  avia-builder-el-last  '><h1 class='av-special-heading-tag '  itemprop=\"headline\"  >Wir lieben Musikgenauso wie Du<\/h1><div class='special-heading-border'><div class='special-heading-inner-border' style='border-color:#00a4c2'><\/div><\/div><\/div><\/p><\/div>\n\n<\/div><\/div><\/main><!-- close content main element --><\/div><\/div><div id='av_section_2'  class='avia-section alternate_color avia-section-default avia-no-shadow  avia-bg-style-scroll  avia-builder-el-4  el_after_av_section  el_before_roba_layout_row   container_wrap fullsize' style=' '  ><div class='container' ><div class='template-page content  av-content-full alpha units'><div class='post-entry post-entry-type-page post-entry-2875'><div class='entry-content-wrapper clearfix'>\n<div  style='padding-bottom:10px; ' class='av-special-heading av-special-heading-h1  blockquote modern-quote modern-centered  avia-builder-el-5  avia-builder-el-no-sibling  large bold '><h1 class='av-special-heading-tag '  itemprop=\"headline\"  >Ich bin<\/h1><div class='special-heading-border'><div class='special-heading-inner-border' ><\/div><\/div><\/div>\n\n<\/div><\/div><\/div><!-- close content main div --><\/div><\/div><div id='av-layout-grid-1' class='avia-section entry-content-wrapper main_color av-flex-cells  avia-builder-el-6  el_after_av_section  el_before_roba_layout_row  background-center-light-grey submenu-not-first container_wrap fullsize'   style=' '><div class=\"roba_grid_section container\" style=\"background-color: ;\">\n<div class=\"flex_cell no_margin av_one_half  avia-builder-el-7  el_before_av_cell_one_half  avia-builder-el-first   \"  style='vertical-align:top; padding:30px; background-color:#00aecc; ' ><div class='flex_cell_inner' ><p><span  class=\"av_font_icon avia_animate_when_visible avia-icon-animate  av-icon-style-border no-padding avia-icon-pos-left \" style=\"color:#ffffff; border-color:#ffffff;\"><span class='av-icon-char' style='font-size:50px;line-height:50px;width:50px;' aria-hidden='true' data-av_icon='\ue801' data-av_iconfont='roba' ><\/span><\/span><br \/>\n<div  style='padding-bottom:10px; ' class='av-special-heading av-special-heading-h3 meta-heading blockquote modern-quote  avia-builder-el-9  el_after_av_font_icon  el_before_av_heading  large '><h3 class='av-special-heading-tag '  itemprop=\"headline\"  >MUSIK-SCHAFFENDER<\/h3><div class='special-heading-border'><div class='special-heading-inner-border' ><\/div><\/div><\/div><br \/>\n<div  style='padding-bottom:10px; ' class='av-special-heading av-special-heading-h3  blockquote modern-quote  avia-builder-el-10  el_after_av_heading  el_before_av_textblock  middle list '><h3 class='av-special-heading-tag '  itemprop=\"headline\"  >Autor<br \/>\nProduzent<br \/>\nK\u00fcnstler<\/h3><div class='special-heading-border'><div class='special-heading-inner-border' ><\/div><\/div><\/div><br \/>\n<section class=\"av_textblock_section \"  itemscope=\"itemscope\" itemtype=\"https:\/\/schema.org\/CreativeWork\" ><div class='avia_textblock large-list '   itemprop=\"text\" ><p>Es dreht sich alles um dich, den Urheber.<\/p>\n<ul>\n<li>Exklusive Autorenvertr\u00e4ge<\/li>\n<li>Herausragende kreative und administrative Services<\/li>\n<li>Zukunftsweisendes Verlagsmodell<\/li>\n<\/ul>\n<div  class='avia-button-wrap avia-button-left  avia-builder-el-12  el_before_av_button  avia-builder-el-first ' ><a href='https:\/\/www.roba.com\/wp-content\/uploads\/2015\/06\/ROBA-Music-Publishing-Services.pdf'  class='avia-button  avia-color-theme-color   avia-icon_select-no avia-size-medium avia-position-left '   ><span class='avia_iconbox_title' >MEHR<\/span><\/a><\/div>\n<p>Zus\u00e4tzlich k\u00f6nnen wir eure Musik digital vertreiben, eure Videos monetarisieren und eure GVL-Rechte weltweit verwalten.<\/p>\n<div  class='avia-button-wrap avia-button-left  avia-builder-el-13  el_after_av_button  avia-builder-el-last ' ><a href='http:\/\/www.robadigital.com'  class='avia-button  avia-color-theme-color   avia-icon_select-no avia-size-medium avia-position-left '   ><span class='avia_iconbox_title' >MEHR<\/span><\/a><\/div>\n<\/div><\/section><\/p>\n<\/div><\/div><div class=\"flex_cell no_margin av_one_half  avia-builder-el-14  el_after_av_cell_one_half  avia-builder-el-last   \"  style='vertical-align:top; padding:30px; background-color:#f0f0f0; ' ><div class='flex_cell_inner' ><p><span  class=\"av_font_icon avia_animate_when_visible avia-icon-animate  av-icon-style-border no-padding avia-icon-pos-left \" style=\"color:#00aecc; border-color:#00aecc;\"><span class='av-icon-char' style='font-size:40px;line-height:40px;width:40px;' aria-hidden='true' data-av_icon='\ue800' data-av_iconfont='roba' ><\/span><\/span><br \/>\n<div  style='padding-bottom:10px; ' class='av-special-heading av-special-heading-h3  blockquote modern-quote  avia-builder-el-16  el_after_av_font_icon  el_before_av_heading  large '><h3 class='av-special-heading-tag '  itemprop=\"headline\"  >Musik-<br \/>\nwirtschaft<\/h3><div class='special-heading-border'><div class='special-heading-inner-border' ><\/div><\/div><\/div><br \/>\n<div  style='padding-bottom:10px; color:#00aecc;' class='av-special-heading av-special-heading-h3 custom-color-heading blockquote modern-quote  avia-builder-el-17  el_after_av_heading  el_before_av_textblock  middle list '><h3 class='av-special-heading-tag '  itemprop=\"headline\"  >Verlag<br \/>\nLabel<br \/>\nManagement<br \/>\nAnwalt<\/h3><div class='special-heading-border'><div class='special-heading-inner-border' style='border-color:#00aecc'><\/div><\/div><\/div><br \/>\n<section class=\"av_textblock_section \"  itemscope=\"itemscope\" itemtype=\"https:\/\/schema.org\/CreativeWork\" ><div class='avia_textblock large-list av_inherit_color '  style='color:#194150; '  itemprop=\"text\" ><div class=\"page\" title=\"Page 2\">\n<div class=\"layoutArea\">\n<div class=\"column\">\n<p>Ihr m\u00fcsst keine teure eigene Verlagsabteilung besch\u00e4ftigen. ROBA bietet euch eine professionelle L\u00f6sung und ein Team von Verlagsexperten.<\/p>\n<\/div>\n<\/div>\n<\/div>\n<ul>\n<li>Editionen und Co-Verlage f\u00fcr Labels<\/li>\n<li>Subverlagsvertr\u00e4ge<\/li>\n<li>Mandantenf\u00e4higes Verlagsportal (ideal f\u00fcr Manager oder Anw\u00e4lte)<\/li>\n<li>Weltweiter Service<\/li>\n<li>Werdet euer eigener Verlag, ohne Verwaltungsaufwand<\/li>\n<\/ul>\n<p><div  class='avia-button-wrap avia-button-left  avia-builder-el-19  el_before_av_button  avia-builder-el-first  hover-bluelight' ><a href='https:\/\/www.roba.com\/wp-content\/uploads\/2015\/06\/ROBA-Music-Publishing-Services.pdf'  class='avia-button  avia-color-theme-color   avia-icon_select-no avia-size-medium avia-position-left '   ><span class='avia_iconbox_title' >MEHR<\/span><\/a><\/div> <div  class='avia-button-wrap avia-button-left  avia-builder-el-20  el_after_av_button  el_before_av_button  hover-bluelight' ><a href='https:\/\/www.roba.com\/wp-content\/uploads\/2015\/06\/ROBA-Dance-Music-Publishing-Services.pdf'  class='avia-button  avia-color-theme-color   avia-icon_select-no avia-size-medium avia-position-left '   ><span class='avia_iconbox_title' >Services f\u00fcr Dance-Labels<\/span><\/a><\/div> <div  class='avia-button-wrap avia-button-left  avia-builder-el-21  el_after_av_button  avia-builder-el-last  hover-bluelight' ><a href='http:\/\/www.robadigital.com'  class='avia-button  avia-color-theme-color   avia-icon_select-no avia-size-medium avia-position-left '   ><span class='avia_iconbox_title' >Label Services<\/span><\/a><\/div><\/p>\n<\/div><\/section><\/p>\n<\/div><\/div>\n<\/div><\/div>\n<div id='av-layout-grid-2' class='avia-section entry-content-wrapper alternate_color av-flex-cells  avia-builder-el-22  el_after_roba_layout_row  el_before_roba_section  background-center-dark-light submenu-not-first container_wrap fullsize'   style=' '><div class=\"roba_grid_section container\" style=\"background-color: ;\">\n<div class=\"flex_cell no_margin av_one_half  avia-builder-el-23  el_before_av_cell_one_half  avia-builder-el-first   \"  style='vertical-align:top; padding:30px; background-color:#194150; ' ><div class='flex_cell_inner' ><p><span  class=\"av_font_icon avia_animate_when_visible avia-icon-animate  av-icon-style-border no-padding avia-icon-pos-left \" style=\"color:#00aecc; border-color:#00aecc;\"><span class='av-icon-char' style='font-size:40px;line-height:40px;width:40px;' aria-hidden='true' data-av_icon='\ue802' data-av_iconfont='roba' ><\/span><\/span><br \/>\n<div  style='padding-bottom:10px; color:#ffffff;' class='av-special-heading av-special-heading-h3 custom-color-heading blockquote modern-quote  avia-builder-el-25  el_after_av_font_icon  el_before_av_heading  large '><h3 class='av-special-heading-tag '  itemprop=\"headline\"  >FILMPRODUKTIONS-<br \/>\nFIRMA<\/h3><div class='special-heading-border'><div class='special-heading-inner-border' style='border-color:#ffffff'><\/div><\/div><\/div><br \/>\n<div  style='padding-bottom:10px; ' class='av-special-heading av-special-heading-h3 meta-heading blockquote modern-quote  avia-builder-el-26  el_after_av_heading  el_before_av_textblock  middle list '><h3 class='av-special-heading-tag '  itemprop=\"headline\"  >Filmproduzent<br \/>\nWerbeagentur<br \/>\nUnternehmen<br \/>\nTV <span class='special_amp'>&amp;<\/span> Radiostation<\/h3><div class='special-heading-border'><div class='special-heading-inner-border' ><\/div><\/div><\/div><br \/>\n<section class=\"av_textblock_section \"  itemscope=\"itemscope\" itemtype=\"https:\/\/schema.org\/CreativeWork\" ><div class='avia_textblock large-list av_inherit_color '  style='color:#ffffff; '  itemprop=\"text\" ><p>Wir wissen genau, welche Musikbed\u00fcrfnisse Filmproduktionsfirmen und Werbeagenturen haben. Unsere Filmmusikabteilung ist eine der gr\u00f6\u00dften in Deutschland. Wir haben ein umfassendes Service-Modell f\u00fcr Filmproduktionsfirmen entwickelt, mit dem wir Euch jeglichen Stress der Musiklizenzierung abnehmen. Zudem bieten wir Filmfirmen und Brands die M\u00f6glichkeit Verlagsinhaber ihrer Werbe- und Filmmusik zu werden.<\/p>\n<ul>\n<li>Musikverlagseditionen f\u00fcr Filmproduktionsfirmen &amp; Brands<\/li>\n<li>Rechtemanagement<\/li>\n<li>TV-Monitoring<\/li>\n<li>Musikberatung und Einholen von Drittlizenzen<\/li>\n<li>Film-Soundtrack-Distribution<\/li>\n<\/ul>\n<p><div  class='avia-button-wrap avia-button-left  avia-builder-el-28  el_before_av_button  avia-builder-el-first ' ><a href='https:\/\/www.roba.com\/wp-content\/uploads\/2015\/06\/ROBA-Services-fuer-Filmproduzenten.pdf'  class='avia-button  avia-color-theme-color   avia-icon_select-no avia-size-medium avia-position-left '   ><span class='avia_iconbox_title' >MEHR<\/span><\/a><\/div> <div  class='avia-button-wrap avia-button-left  avia-builder-el-29  el_after_av_button  avia-builder-el-last ' ><a href='http:\/\/www.robapm.com'  class='avia-button  avia-color-theme-color   avia-icon_select-no avia-size-medium avia-position-left '   ><span class='avia_iconbox_title' >PRODUCTION MUSIC<\/span><\/a><\/div><\/p>\n<\/div><\/section><\/p>\n<\/div><\/div><div class=\"flex_cell no_margin av_one_half  avia-builder-el-30  el_after_av_cell_one_half  avia-builder-el-last   \"  style='vertical-align:top; padding:30px; background-color:#00adcb; ' ><div class='flex_cell_inner' ><p><span  class=\"av_font_icon avia_animate_when_visible avia-icon-animate  av-icon-style-border no-padding avia-icon-pos-left \" style=\"color:#ffffff; border-color:#ffffff;\"><span class='av-icon-char' style='font-size:40px;line-height:40px;width:40px;' aria-hidden='true' data-av_icon='\ue811' data-av_iconfont='roba' ><\/span><\/span><br \/>\n<div  style='padding-bottom:10px; color:#194150;' class='av-special-heading av-special-heading-h3 custom-color-heading blockquote modern-quote  avia-builder-el-32  el_after_av_font_icon  el_before_av_heading  large '><h3 class='av-special-heading-tag '  itemprop=\"headline\"  >MEDIENUNTERNEHMEN<\/h3><div class='special-heading-border'><div class='special-heading-inner-border' style='border-color:#194150'><\/div><\/div><\/div><br \/>\n<div  style='padding-bottom:10px; color:#ffffff;' class='av-special-heading av-special-heading-h3 custom-color-heading blockquote modern-quote  avia-builder-el-33  el_after_av_heading  el_before_av_textblock  middle list '><h3 class='av-special-heading-tag '  itemprop=\"headline\"  >Digitalvertrieb<br \/>\nAnbieter von Songtexten<br \/>\nLIZENZNEHMER (DOWNLOAD-, STREAMING- ODER VIDEOPLATTFORMEN)<\/h3><div class='special-heading-border'><div class='special-heading-inner-border' style='border-color:#ffffff'><\/div><\/div><\/div><br \/>\n<section class=\"av_textblock_section \"  itemscope=\"itemscope\" itemtype=\"https:\/\/schema.org\/CreativeWork\" ><div class='avia_textblock large-list av_inherit_color '  style='color:#194150; '  itemprop=\"text\" ><p>Wir denken gerne gro\u00df. Mit unserer API-Schnittstelle, k\u00f6nnen wir L\u00f6sungen anbieten, die genau zu euch passen, egal wie gro\u00df euer Business ist. Unser In-House Entwicklungs-Team kann euch eine ma\u00dfgeschneiderte Dienstleistung anbieten; je nachdem, ob ihr unsere Metadaten passgenau in Euer System importieren m\u00f6chtet, oder von uns eine White-Label Verlagsl\u00f6sung braucht.<\/p>\n<ul>\n<li>ROBA API (Hochentwickelte Verlagsschnittstelle)<\/li>\n<li>ROBA Client Portal (24\/7 Zugriff auf alle Tantiemen)<\/li>\n<\/ul>\n<div  class='avia-button-wrap avia-button-left  avia-builder-el-35  avia-builder-el-no-sibling  invert' ><a href='http:\/\/www.robadigital.com'  class='avia-button  avia-color-theme-color   avia-icon_select-no avia-size-medium avia-position-left '   ><span class='avia_iconbox_title' >MEHR<\/span><\/a><\/div>\n<\/div><\/section><\/p>\n<\/div><\/div><\/div><\/div><\/div><\/div><\/div><!-- close content main div --><\/div><\/div><div id='av_section_3'  class='avia-section main_color avia-section-default avia-no-shadow avia-bg-style-scroll  avia-builder-el-36  el_after_roba_layout_row  el_before_av_section  avia-builder-el-no-sibling  container_wrap fullsize' style='background-color: #f4f4f4;  '  ><div class='container' ><div class='template-page content  av-content-full alpha units'><div class='post-entry post-entry-type-page post-entry-2875'><div class='entry-content-wrapper clearfix'>\n<div  style='padding-bottom:30px; ' class='av-special-heading av-special-heading-h1  blockquote modern-quote modern-centered  avia-builder-el-37  el_before_av_heading  avia-builder-el-first  bold large '><h1 class='av-special-heading-tag '  itemprop=\"headline\"  >WARUM<br \/>\nROBA?<\/h1><div class='special-heading-border'><div class='special-heading-inner-border' ><\/div><\/div><\/div>\n<div  style='padding-bottom:50px; ' class='av-special-heading av-special-heading-h3  blockquote modern-quote modern-centered  avia-builder-el-38  el_after_av_heading  el_before_av_heading  middle nocaps '><h3 class='av-special-heading-tag '  itemprop=\"headline\"  >Weil wir Experten im Verlagsbereich sind!<\/h3><div class='special-heading-border'><div class='special-heading-inner-border' ><\/div><\/div><\/div>\n<div  style='padding-bottom:30px; color:#00aecc;' class='av-special-heading av-special-heading-h3 custom-color-heading blockquote modern-quote modern-centered  avia-builder-el-39  el_after_av_heading  el_before_av_button  '><h3 class='av-special-heading-tag '  itemprop=\"headline\"  >Kreativ<\/p>\n<p>Schnell<\/p>\n<p>Transparent<\/p>\n<p>Direkt<\/p>\n<p><\/h3><div class='special-heading-border'><div class='special-heading-inner-border' style='border-color:#00aecc'><\/div><\/div><\/div>\n<div  class='avia-button-wrap avia-button-center  avia-builder-el-40  el_after_av_heading  avia-builder-el-last  hover-bluelight' ><a href='https:\/\/www.roba.com\/global-offices\/'  class='avia-button  avia-color-theme-color   avia-icon_select-no avia-size-medium avia-position-center '   ><span class='avia_iconbox_title' >PARTNER WERDEN<\/span><\/a><\/div>\n<\/p>\n<\/div><\/div><\/div><!-- close content main div --><\/div><\/div><div id='av_section_4'  class='avia-section alternate_color avia-section-default avia-no-border-styling  avia-bg-style-scroll  avia-builder-el-41  el_after_roba_section  el_before_av_section   av-minimum-height av-minimum-height-custom  container_wrap fullsize' style='background-color: #ffffff; background-repeat: no-repeat; background-image: url(https:\/\/www.roba.com\/wp-content\/uploads\/2015\/05\/roba-2500x660-01.jpg);background-attachment: scroll; background-position: top left;  '  data-section-bg-repeat='no-repeat'><div class='container' style='height:480px'><div class='template-page content  av-content-full alpha units'><div class='post-entry post-entry-type-page post-entry-2875'><div class='entry-content-wrapper clearfix'>\n<div  style='padding-bottom:10px; ' class='av-special-heading av-special-heading-h4 meta-heading blockquote modern-quote modern-centered  avia-builder-el-42  avia-builder-el-no-sibling  '><h4 class='av-special-heading-tag '  itemprop=\"headline\"  >Mit Euch definieren wir das Musikverlagswesen neu!<\/h4><div class='special-heading-border'><div class='special-heading-inner-border' ><\/div><\/div><\/div>\n\n<\/div><\/div><\/div><!-- close content main div --><\/div><\/div><div id='av_section_5'  class='avia-section alternate_color avia-section-default avia-no-shadow  avia-bg-style-scroll  avia-builder-el-43  el_after_av_section  avia-builder-el-last   container_wrap fullsize' style=' '  ><div class='container' ><div class='template-page content  av-content-full alpha units'><div class='post-entry post-entry-type-page post-entry-2875'><div class='entry-content-wrapper clearfix'>\n<div  style='padding-bottom:10px; ' class='av-special-heading av-special-heading-h3  blockquote modern-quote  avia-builder-el-44  el_before_av_codeblock  avia-builder-el-first  large '><h3 class='av-special-heading-tag '  itemprop=\"headline\"  >Kontakt<\/h3><div class='special-heading-border'><div class='special-heading-inner-border' ><\/div><\/div><\/div>\n\n\n","protected":false},"excerpt":{"rendered":"","protected":false},"author":2,"featured_media":0,"parent":0,"menu_order":8,"comment_status":"open","ping_status":"open","template":"","meta":{"footnotes":""},"acf":[],"yoast_head":"<!-- This site is optimized with the Yoast SEO plugin v21.9.1 - https:\/\/yoast.com\/wordpress\/plugins\/seo\/ -->\n<title>WERDE UNSER PARTNER &#8211; ROBA Music Publishing<\/title>\n<meta name=\"robots\" content=\"index, follow, max-snippet:-1, max-image-preview:large, max-video-preview:-1\" \/>\n<link rel=\"canonical\" href=\"https:\/\/www.roba.com\/werde-unser-partner\/\" \/>\n<meta property=\"og:locale\" content=\"en_US\" \/>\n<meta property=\"og:type\" content=\"article\" \/>\n<meta property=\"og:title\" content=\"WERDE UNSER PARTNER &#8211; ROBA Music Publishing\" \/>\n<meta property=\"og:url\" content=\"https:\/\/www.roba.com\/de\/werde-unser-partner\/\" \/>\n<meta property=\"og:site_name\" content=\"ROBA Music Publishing\" \/>\n<meta property=\"article:publisher\" content=\"https:\/\/www.facebook.com\/robamusicpublishing\" \/>\n<meta property=\"article:modified_time\" content=\"2019-10-24T09:16:58+00:00\" \/>\n<meta name=\"twitter:card\" content=\"summary_large_image\" \/>\n<meta name=\"twitter:site\" content=\"@robamusic\" \/>\n<meta name=\"twitter:label1\" content=\"Est. reading time\" \/>\n\t<meta name=\"twitter:data1\" content=\"10 minutes\" \/>\n<script type=\"application\/ld+json\" class=\"yoast-schema-graph\">{\"@context\":\"https:\/\/schema.org\",\"@graph\":[{\"@type\":\"WebPage\",\"@id\":\"https:\/\/www.roba.com\/de\/werde-unser-partner\/\",\"url\":\"https:\/\/www.roba.com\/de\/werde-unser-partner\/\",\"name\":\"WERDE UNSER PARTNER &#8211; ROBA Music Publishing\",\"isPartOf\":{\"@id\":\"https:\/\/www.roba.com\/#website\"},\"datePublished\":\"2016-07-27T10:00:27+00:00\",\"dateModified\":\"2019-10-24T09:16:58+00:00\",\"breadcrumb\":{\"@id\":\"https:\/\/www.roba.com\/de\/werde-unser-partner\/#breadcrumb\"},\"inLanguage\":\"en-US\",\"potentialAction\":[{\"@type\":\"ReadAction\",\"target\":[\"https:\/\/www.roba.com\/de\/werde-unser-partner\/\"]}]},{\"@type\":\"BreadcrumbList\",\"@id\":\"https:\/\/www.roba.com\/de\/werde-unser-partner\/#breadcrumb\",\"itemListElement\":[{\"@type\":\"ListItem\",\"position\":1,\"name\":\"Home\",\"item\":\"https:\/\/www.roba.com\/\"},{\"@type\":\"ListItem\",\"position\":2,\"name\":\"WERDE UNSER PARTNER\"}]},{\"@type\":\"WebSite\",\"@id\":\"https:\/\/www.roba.com\/#website\",\"url\":\"https:\/\/www.roba.com\/\",\"name\":\"ROBA Music Publishing\",\"description\":\"\",\"publisher\":{\"@id\":\"https:\/\/www.roba.com\/#organization\"},\"potentialAction\":[{\"@type\":\"SearchAction\",\"target\":{\"@type\":\"EntryPoint\",\"urlTemplate\":\"https:\/\/www.roba.com\/?s={search_term_string}\"},\"query-input\":\"required name=search_term_string\"}],\"inLanguage\":\"en-US\"},{\"@type\":\"Organization\",\"@id\":\"https:\/\/www.roba.com\/#organization\",\"name\":\"ROBA Music Publishing\",\"url\":\"https:\/\/www.roba.com\/\",\"logo\":{\"@type\":\"ImageObject\",\"inLanguage\":\"en-US\",\"@id\":\"https:\/\/www.roba.com\/#\/schema\/logo\/image\/\",\"url\":\"https:\/\/www.roba.com\/wp-content\/uploads\/2015\/05\/roba.png\",\"contentUrl\":\"https:\/\/www.roba.com\/wp-content\/uploads\/2015\/05\/roba.png\",\"width\":120,\"height\":88,\"caption\":\"ROBA Music Publishing\"},\"image\":{\"@id\":\"https:\/\/www.roba.com\/#\/schema\/logo\/image\/\"},\"sameAs\":[\"https:\/\/www.facebook.com\/robamusicpublishing\",\"https:\/\/twitter.com\/robamusic\",\"https:\/\/instagram.com\/robamusic\",\"https:\/\/linkedin.com\/company\/roba-music-publishing\",\"http:\/\/www.youtube.com\/roba\"]}]}<\/script>\n<!-- \/ Yoast SEO plugin. -->","yoast_head_json":{"title":"WERDE UNSER PARTNER &#8211; ROBA Music Publishing","robots":{"index":"index","follow":"follow","max-snippet":"max-snippet:-1","max-image-preview":"max-image-preview:large","max-video-preview":"max-video-preview:-1"},"canonical":"https:\/\/www.roba.com\/werde-unser-partner\/","og_locale":"en_US","og_type":"article","og_title":"WERDE UNSER PARTNER &#8211; ROBA Music Publishing","og_url":"https:\/\/www.roba.com\/de\/werde-unser-partner\/","og_site_name":"ROBA Music Publishing","article_publisher":"https:\/\/www.facebook.com\/robamusicpublishing","article_modified_time":"2019-10-24T09:16:58+00:00","twitter_card":"summary_large_image","twitter_site":"@robamusic","twitter_misc":{"Est. reading time":"10 minutes"},"schema":{"@context":"https:\/\/schema.org","@graph":[{"@type":"WebPage","@id":"https:\/\/www.roba.com\/de\/werde-unser-partner\/","url":"https:\/\/www.roba.com\/de\/werde-unser-partner\/","name":"WERDE UNSER PARTNER &#8211; ROBA Music Publishing","isPartOf":{"@id":"https:\/\/www.roba.com\/#website"},"datePublished":"2016-07-27T10:00:27+00:00","dateModified":"2019-10-24T09:16:58+00:00","breadcrumb":{"@id":"https:\/\/www.roba.com\/de\/werde-unser-partner\/#breadcrumb"},"inLanguage":"en-US","potentialAction":[{"@type":"ReadAction","target":["https:\/\/www.roba.com\/de\/werde-unser-partner\/"]}]},{"@type":"BreadcrumbList","@id":"https:\/\/www.roba.com\/de\/werde-unser-partner\/#breadcrumb","itemListElement":[{"@type":"ListItem","position":1,"name":"Home","item":"https:\/\/www.roba.com\/"},{"@type":"ListItem","position":2,"name":"WERDE UNSER PARTNER"}]},{"@type":"WebSite","@id":"https:\/\/www.roba.com\/#website","url":"https:\/\/www.roba.com\/","name":"ROBA Music Publishing","description":"","publisher":{"@id":"https:\/\/www.roba.com\/#organization"},"potentialAction":[{"@type":"SearchAction","target":{"@type":"EntryPoint","urlTemplate":"https:\/\/www.roba.com\/?s={search_term_string}"},"query-input":"required name=search_term_string"}],"inLanguage":"en-US"},{"@type":"Organization","@id":"https:\/\/www.roba.com\/#organization","name":"ROBA Music Publishing","url":"https:\/\/www.roba.com\/","logo":{"@type":"ImageObject","inLanguage":"en-US","@id":"https:\/\/www.roba.com\/#\/schema\/logo\/image\/","url":"https:\/\/www.roba.com\/wp-content\/uploads\/2015\/05\/roba.png","contentUrl":"https:\/\/www.roba.com\/wp-content\/uploads\/2015\/05\/roba.png","width":120,"height":88,"caption":"ROBA Music Publishing"},"image":{"@id":"https:\/\/www.roba.com\/#\/schema\/logo\/image\/"},"sameAs":["https:\/\/www.facebook.com\/robamusicpublishing","https:\/\/twitter.com\/robamusic","https:\/\/instagram.com\/robamusic","https:\/\/linkedin.com\/company\/roba-music-publishing","http:\/\/www.youtube.com\/roba"]}]}},"_links":{"self":[{"href":"https:\/\/www.roba.com\/de\/wp-json\/wp\/v2\/pages\/2875\/"}],"collection":[{"href":"https:\/\/www.roba.com\/de\/wp-json\/wp\/v2\/pages\/"}],"about":[{"href":"https:\/\/www.roba.com\/de\/wp-json\/wp\/v2\/types\/page\/"}],"author":[{"embeddable":true,"href":"https:\/\/www.roba.com\/de\/wp-json\/wp\/v2\/users\/2\/"}],"replies":[{"embeddable":true,"href":"https:\/\/www.roba.com\/de\/wp-json\/wp\/v2\/comments\/?post=2875"}],"version-history":[{"count":2,"href":"https:\/\/www.roba.com\/de\/wp-json\/wp\/v2\/pages\/2875\/revisions\/"}],"predecessor-version":[{"id":7977,"href":"https:\/\/www.roba.com\/de\/wp-json\/wp\/v2\/pages\/2875\/revisions\/7977\/"}],"wp:attachment":[{"href":"https:\/\/www.roba.com\/de\/wp-json\/wp\/v2\/media\/?parent=2875"}],"curies":[{"name":"wp","href":"https:\/\/api.w.org\/{rel}","templated":true}]}}